{"id":154,"date":"2016-06-23T11:12:53","date_gmt":"2016-06-23T10:12:53","guid":{"rendered":"https:\/\/web.io\/construction\/?page_id=154"},"modified":"2018-08-08T03:07:37","modified_gmt":"2018-08-08T03:07:37","slug":"quienes-somos","status":"publish","type":"page","link":"https:\/\/www.constructorarr.com\/web\/quienes-somos\/","title":{"rendered":"Quienes Somos"},"content":{"rendered":"<p>[vc_row type=\u00bbvc_default\u00bb margin_top=\u00bb5&#8243; margin_bottom=\u00bb15&#8243; css=\u00bb.vc_custom_1493829267800{padding-top: 70px !important;}\u00bb][vc_column offset=\u00bbvc_col-lg-6 vc_col-md-6 vc_col-xs-12&#8243; css=\u00bb.vc_custom_1493829169670{padding-bottom: 70px !important;}\u00bb]<div id=\"ultimate-heading-874369f540238a8a5\" class=\"uvc-heading ult-adjust-bottom-margin ultimate-heading-874369f540238a8a5 uvc-5272 accent-border-color\" data-hspacer=\"line_only\"  data-halign=\"left\" style=\"text-align:left\"><div class=\"uvc-main-heading ult-responsive\"  data-ultimate-target='.uvc-heading.ultimate-heading-874369f540238a8a5 h2'  data-responsive-json-new='{\"font-size\":\"desktop:26px;\",\"line-height\":\"desktop:36px;\"}' ><h2 style=\"font-weight:bold;\">Quienes Somos<\/h2><\/div><div class=\"uvc-heading-spacer line_only\" style=\"margin-top:15px;margin-bottom:50px;height:4px;\"><span class=\"uvc-headings-line\" style=\"border-style:solid;border-bottom-width:4px;border-color:;width:50px;\"><\/span><\/div><\/div><div class=\"shortcode-single-image-wrap alignnone  vc_custom_1533213445672\" ><div class=\"shortcode-single-image\"><div class=\"fancy-media-wrap layzr-bg\" style=\"\"><img class=\"lazy-load preload-me\" src=\"data:image\/svg+xml,%3Csvg%20xmlns%3D&#39;http%3A%2F%2Fwww.w3.org%2F2000%2Fsvg&#39;%20viewBox%3D&#39;0%200%20640%20426&#39;%2F%3E\" data-src=\"https:\/\/www.constructorarr.com\/web\/wp-content\/uploads\/2018\/08\/Sobre-nosotros.jpg\" data-srcset=\"https:\/\/www.constructorarr.com\/web\/wp-content\/uploads\/2018\/08\/Sobre-nosotros.jpg 640w\" width=\"640\" height=\"426\"  data-dt-location=\"https:\/\/www.constructorarr.com\/web\/quienes-somos\/sobre-nosotros\/\" style=\"\" alt=\"\" \/><\/div><\/div><\/div>[vc_column_text]<\/p>\n<p style=\"text-align: justify;\">Somos una compa\u00f1ia con retos en ingenier\u00eda, arquitectura y servicio con altos estandares de calidad con valor agregado para nuestros clientes. Ademas estamos comprometidos con el medio ambiente.<\/p>\n<p style=\"text-align: justify;\">Nuestra organizaci\u00f3n cuenta con el Conocimiento y la Experiencia para abordar adecuadamente cada una de las necesidades de sus proyectos\u2026 Nuestros rigurosos procesos en cada una de las disciplinas de servicio son garant\u00eda de exito en los propositos encargados.<\/p>\n<p>[\/vc_column_text][\/vc_column][vc_column offset=\u00bbvc_col-lg-6 vc_col-md-6 vc_col-xs-12&#8243; css=\u00bb.vc_custom_1493829183360{padding-bottom: 70px !important;}\u00bb]<div id=\"ultimate-heading-37269f540238b2be\" class=\"uvc-heading ult-adjust-bottom-margin ultimate-heading-37269f540238b2be uvc-8895 accent-border-color\" data-hspacer=\"line_only\"  data-halign=\"left\" style=\"text-align:left\"><div class=\"uvc-main-heading ult-responsive\"  data-ultimate-target='.uvc-heading.ultimate-heading-37269f540238b2be h2'  data-responsive-json-new='{\"font-size\":\"desktop:26px;\",\"line-height\":\"desktop:36px;\"}' ><h2 style=\"font-weight:bold;\">Caracter\u00edsticas de Nuestro Trabajo<\/h2><\/div><div class=\"uvc-heading-spacer line_only\" style=\"margin-top:15px;margin-bottom:40px;height:4px;\"><span class=\"uvc-headings-line\" style=\"border-style:solid;border-bottom-width:4px;border-color:;width:50px;\"><\/span><\/div><\/div><div class=\"standard-number-list bullet-top\"><ul>\n<li style=\"text-align: justify;\">Dise\u00f1o Arquitect\u00f3nico.<\/li>\n<li style=\"text-align: justify;\">Obra Civil Construcciones en Estructura Met\u00e1lica y Estructuras en Concreto.<\/li>\n<li style=\"text-align: justify;\">Acabado Arquitect\u00f3nicos.<\/li>\n<li style=\"text-align: justify;\">Ingenir\u00eda Hospitalaria.<\/li>\n<li style=\"text-align: justify;\">Movimientos de Tierra.<\/li>\n<li style=\"text-align: justify;\">Servicios de Topografia<\/li>\n<li style=\"text-align: justify;\">Entre Otros&#8230;<\/li>\n<\/ul>\n<\/div><div id=\"ultimate-heading-148769f540238b6f3\" class=\"uvc-heading ult-adjust-bottom-margin ultimate-heading-148769f540238b6f3 uvc-8369 accent-border-color\" data-hspacer=\"line_only\"  data-halign=\"left\" style=\"text-align:left\"><div class=\"uvc-main-heading ult-responsive\"  data-ultimate-target='.uvc-heading.ultimate-heading-148769f540238b6f3 h2'  data-responsive-json-new='{\"font-size\":\"desktop:26px;\",\"line-height\":\"desktop:36px;\"}' ><h2 style=\"font-weight:bold;margin-top:60px;\">Experiencia<\/h2><\/div><div class=\"uvc-heading-spacer line_only\" style=\"margin-top:15px;margin-bottom:40px;height:4px;\"><span class=\"uvc-headings-line\" style=\"border-style:solid;border-bottom-width:4px;border-color:;width:50px;\"><\/span><\/div><\/div>[vc_progress_bar values=\u00bb%5B%7B%22label%22%3A%22Gesti%C3%B3n%20de%20la%20construcci%C3%B3n%22%2C%22value%22%3A%22100%22%2C%22color%22%3A%22bar_grey%22%2C%22customcolor%22%3A%22%23303030%22%7D%2C%7B%22label%22%3A%22Movimientos%20de%20Tierra%22%2C%22value%22%3A%2280%22%2C%22color%22%3A%22bar_grey%22%2C%22customcolor%22%3A%22%23303030%22%7D%2C%7B%22label%22%3A%22Acabados%20Arquitect%C3%B3nicos%22%2C%22value%22%3A%2260%22%2C%22color%22%3A%22bar_grey%22%2C%22customcolor%22%3A%22%23303030%22%7D%2C%7B%22label%22%3A%22Ingenier%C3%ADa%20El%C3%A9ctrica%20Voz%20y%20Datos.%22%2C%22value%22%3A%2280%22%2C%22color%22%3A%22bar_grey%22%2C%22customcolor%22%3A%22%23303030%22%7D%5D\u00bb options=\u00bbstriped\u00bb caption_pos=\u00bbtop\u00bb bgstyle=\u00bbtransparent\u00bb][\/vc_column][\/vc_row][vc_row bg_type=\u00bbbg_color\u00bb bg_override=\u00bbex-full\u00bb type=\u00bbvc_default\u00bb css=\u00bb.vc_custom_1493828377672{padding-top: 70px !important;}\u00bb bg_color_value=\u00bb#f4f4f4&#8243;][vc_column offset=\u00bbvc_col-lg-8 vc_col-md-7 vc_col-xs-12&#8243; css=\u00bb.vc_custom_1493828780806{padding-bottom: 30px !important;}\u00bb]<div id=\"ultimate-heading-744069f540238b84f\" class=\"uvc-heading ult-adjust-bottom-margin ultimate-heading-744069f540238b84f uvc-6284 accent-border-color\" data-hspacer=\"line_only\"  data-halign=\"left\" style=\"text-align:left\"><div class=\"uvc-main-heading ult-responsive\"  data-ultimate-target='.uvc-heading.ultimate-heading-744069f540238b84f h2'  data-responsive-json-new='{\"font-size\":\"desktop:26px;\",\"line-height\":\"desktop:36px;\"}' ><h2 style=\"font-weight:bold;\">Asesor\u00eda<\/h2><\/div><div class=\"uvc-heading-spacer line_only\" style=\"margin-top:15px;margin-bottom:50px;height:4px;\"><span class=\"uvc-headings-line\" style=\"border-style:solid;border-bottom-width:4px;border-color:;width:50px;\"><\/span><\/div><\/div>[vc_row_inner css=\u00bb.vc_custom_1493828256311{padding-bottom: 20px !important;}\u00bb][vc_column_inner width=\u00bb1\/3&#8243; offset=\u00bbvc_col-lg-5 vc_col-md-5&#8243; css=\u00bb.vc_custom_1493828224094{padding-bottom: 30px !important;}\u00bb]<div class=\"shortcode-single-image-wrap alignnone \" style=\"margin-top:0px; margin-bottom:0px; margin-left:0px; margin-right:0px; width:700px;\"><div class=\"shortcode-single-image\"><div class=\"fancy-media-wrap layzr-bg\" style=\"\"><img class=\"lazy-load preload-me\" src=\"data:image\/svg+xml,%3Csvg%20xmlns%3D&#39;http%3A%2F%2Fwww.w3.org%2F2000%2Fsvg&#39;%20viewBox%3D&#39;0%200%20400%20400&#39;%2F%3E\" data-src=\"https:\/\/www.constructorarr.com\/web\/wp-content\/uploads\/2018\/08\/Fundadores-400x400.jpg\" data-srcset=\"https:\/\/www.constructorarr.com\/web\/wp-content\/uploads\/2018\/08\/Fundadores-400x400.jpg 400w\" width=\"400\" height=\"400\"  data-dt-location=\"https:\/\/www.constructorarr.com\/web\/quienes-somos\/fundadores\/\" style=\"\" alt=\"\" \/><\/div><\/div><\/div>[\/vc_column_inner][vc_column_inner width=\u00bb2\/3&#8243; offset=\u00bbvc_col-lg-7 vc_col-md-7&#8243; css=\u00bb.vc_custom_1493828251033{padding-bottom: 30px !important;}\u00bb]<div id=\"ultimate-heading-399069f540238c110\" class=\"uvc-heading ult-adjust-bottom-margin ultimate-heading-399069f540238c110 uvc-988 \" data-hspacer=\"no_spacer\"  data-halign=\"left\" style=\"text-align:left\"><div class=\"uvc-heading-spacer no_spacer\" style=\"top\"><\/div><div class=\"uvc-main-heading ult-responsive\"  data-ultimate-target='.uvc-heading.ultimate-heading-399069f540238c110 h2'  data-responsive-json-new='{\"font-size\":\"desktop:20px;\",\"line-height\":\"desktop:30px;\"}' ><h2 style=\"font-weight:bold;\">Interventoria al Dise\u00f1o<\/h2><\/div><\/div>[vc_column_text css=\u00bb.vc_custom_1533239590756{padding-bottom: 20px !important;}\u00bb]<\/p>\n<ul>\n<li style=\"text-align: justify;\">Interventoria al Dise\u00f1o.<\/li>\n<li style=\"text-align: justify;\">Dise\u00f1o Arquitect\u00f3nico.<\/li>\n<li style=\"text-align: justify;\">Dise\u00f1o y Calculo Estructural.<\/li>\n<li style=\"text-align: justify;\">Dise\u00f1o y Calculo Hidraulico y Sanitario.<\/li>\n<li style=\"text-align: justify;\">Dise\u00f1o y Calculo El\u00e9ctrico, Vos y Datos.<\/li>\n<\/ul>\n<p>[\/vc_column_text]<div class=\"btn-align-left\"><a href=\"https:\/\/www.constructorarr.com\/web\/contactenos\/\" class=\"default-btn-shortcode dt-btn dt-btn-m \" id=\"default-btn-b8c5ab6d00d1ffb60f7bd3a72e7c3f43\"><span>Cont\u00e1ctenos<\/span><\/a><\/div>[\/vc_column_inner][\/vc_row_inner][vc_row_inner css=\u00bb.vc_custom_1493828264162{padding-bottom: 20px !important;}\u00bb][vc_column_inner width=\u00bb1\/3&#8243; offset=\u00bbvc_col-lg-5 vc_col-md-5&#8243; css=\u00bb.vc_custom_1493828233201{padding-bottom: 30px !important;}\u00bb]<div class=\"shortcode-single-image-wrap alignnone \" style=\"margin-top:0px; margin-bottom:0px; margin-left:0px; margin-right:0px; width:700px;\"><div class=\"shortcode-single-image\"><div class=\"fancy-media-wrap layzr-bg\" style=\"\"><img class=\"lazy-load preload-me\" src=\"data:image\/svg+xml,%3Csvg%20xmlns%3D&#39;http%3A%2F%2Fwww.w3.org%2F2000%2Fsvg&#39;%20viewBox%3D&#39;0%200%20525%20480&#39;%2F%3E\" data-src=\"https:\/\/www.constructorarr.com\/web\/wp-content\/uploads\/2018\/08\/Planos-525x480.jpg\" data-srcset=\"https:\/\/www.constructorarr.com\/web\/wp-content\/uploads\/2018\/08\/Planos-525x480.jpg 525w\" width=\"525\" height=\"480\"  data-dt-location=\"https:\/\/www.constructorarr.com\/web\/quienes-somos\/planos\/\" style=\"\" alt=\"\" \/><\/div><\/div><\/div>[\/vc_column_inner][vc_column_inner width=\u00bb2\/3&#8243; offset=\u00bbvc_col-lg-7 vc_col-md-7&#8243; css=\u00bb.vc_custom_1493828260175{padding-bottom: 30px !important;}\u00bb]<div id=\"ultimate-heading-643069f540238cdae\" class=\"uvc-heading ult-adjust-bottom-margin ultimate-heading-643069f540238cdae uvc-2344 \" data-hspacer=\"no_spacer\"  data-halign=\"left\" style=\"text-align:left\"><div class=\"uvc-heading-spacer no_spacer\" style=\"top\"><\/div><div class=\"uvc-main-heading ult-responsive\"  data-ultimate-target='.uvc-heading.ultimate-heading-643069f540238cdae h2'  data-responsive-json-new='{\"font-size\":\"desktop:20px;\",\"line-height\":\"desktop:30px;\"}' ><h2 style=\"font-weight:bold;\">Consultoria en Estudios y Dise\u00f1os<\/h2><\/div><\/div>[vc_column_text css=\u00bb.vc_custom_1533239688988{padding-bottom: 20px !important;}\u00bb]<\/p>\n<ul>\n<li style=\"text-align: justify;\">Dise\u00f1o Arquitect\u00f3nico Bioclim\u00e1tico Sostenible.<\/li>\n<li style=\"text-align: justify;\">Ingeniera Hidr\u00e1ulica y Sanitaria.<\/li>\n<li style=\"text-align: justify;\">Ingeniera Electrica Voz y Datos.<\/li>\n<li style=\"text-align: justify;\">Dise\u00f1o y Calculo Estructural (Estructuras en Concreto \u2013 Estructuras en Acero).<\/li>\n<\/ul>\n<p>[\/vc_column_text]<div class=\"btn-align-left\"><a href=\"https:\/\/www.constructorarr.com\/web\/contactenos\/\" class=\"default-btn-shortcode dt-btn dt-btn-m \" id=\"default-btn-b8c5ab6d00d1ffb60f7bd3a72e7c3f43\"><span>Cont\u00e1ctenos<\/span><\/a><\/div>[\/vc_column_inner][\/vc_row_inner][\/vc_column][vc_column offset=\u00bbvc_col-lg-4 vc_col-md-5&#8243; css=\u00bb.vc_custom_1493828775676{padding-bottom: 80px !important;}\u00bb]<div id=\"ultimate-heading-204069f540238d13b\" class=\"uvc-heading ult-adjust-bottom-margin ultimate-heading-204069f540238d13b uvc-2052 accent-border-color\" data-hspacer=\"line_only\"  data-halign=\"left\" style=\"text-align:left\"><div class=\"uvc-main-heading ult-responsive\"  data-ultimate-target='.uvc-heading.ultimate-heading-204069f540238d13b h2'  data-responsive-json-new='{\"font-size\":\"desktop:26px;\",\"line-height\":\"desktop:36px;\"}' ><h2 style=\"font-weight:bold;\">Aliados<\/h2><\/div><div class=\"uvc-heading-spacer line_only\" style=\"margin-top:15px;margin-bottom:50px;height:4px;\"><span class=\"uvc-headings-line\" style=\"border-style:solid;border-bottom-width:4px;border-color:;width:50px;\"><\/span><\/div><\/div>[vc_row_inner equal_height=\u00bbyes\u00bb gap=\u00bb10&#8243; css=\u00bb.vc_custom_1493827991901{margin-top: -5px !important;margin-bottom: -5px !important;padding-right: 25px !important;padding-left: 25px !important;}\u00bb][vc_column_inner width=\u00bb1\/2&#8243; css=\u00bb.vc_custom_1493827852041{padding-top: 20px !important;padding-right: 5px !important;padding-bottom: 20px !important;padding-left: 5px !important;background-color: #ffffff !important;}\u00bb]<div class=\"shortcode-single-image-wrap alignnone \" style=\"margin-top:0px; margin-bottom:0px; margin-left:0px; margin-right:0px; width:300px;\"><div class=\"shortcode-single-image\"><div class=\"fancy-media-wrap\" style=\"\"><a href=\"https:\/\/colombia.argos.co\/\" class=\"layzr-bg\" style=\"\" target=\"_blank\"><img class=\"lazy-load preload-me\" src=\"data:image\/svg+xml,%3Csvg%20xmlns%3D&#39;http%3A%2F%2Fwww.w3.org%2F2000%2Fsvg&#39;%20viewBox%3D&#39;0%200%20300%20200&#39;%2F%3E\" data-src=\"https:\/\/www.constructorarr.com\/web\/wp-content\/uploads\/2018\/08\/Logo-Argos.png\" data-srcset=\"https:\/\/www.constructorarr.com\/web\/wp-content\/uploads\/2018\/08\/Logo-Argos.png 300w\" width=\"300\" height=\"200\"  data-dt-location=\"https:\/\/www.constructorarr.com\/web\/quienes-somos\/aliados\/logo-argos\/\" style=\"\" alt=\"\" \/><\/a><\/div><\/div><\/div><div id=\"ultimate-heading-990069f540238dc32\" class=\"uvc-heading ult-adjust-bottom-margin ultimate-heading-990069f540238dc32 uvc-6735 \" data-hspacer=\"no_spacer\"  data-halign=\"center\" style=\"text-align:center\"><div class=\"uvc-heading-spacer no_spacer\" style=\"top\"><\/div><div class=\"uvc-main-heading ult-responsive\"  data-ultimate-target='.uvc-heading.ultimate-heading-990069f540238dc32 h2'  data-responsive-json-new='{\"font-size\":\"desktop:12px;\",\"line-height\":\"desktop:22px;\"}' ><h2 style=\"font-weight:normal;color:#bbbbbb;margin-top:10px;\">Argos<\/h2><\/div><\/div>[\/vc_column_inner][vc_column_inner width=\u00bb1\/2&#8243; css=\u00bb.vc_custom_1493827859435{padding-top: 20px !important;padding-right: 5px !important;padding-bottom: 20px !important;padding-left: 5px !important;background-color: #ffffff !important;}\u00bb]<div class=\"shortcode-single-image-wrap alignnone \" style=\"margin-top:0px; margin-bottom:0px; margin-left:0px; margin-right:0px; width:300px;\"><div class=\"shortcode-single-image\"><div class=\"fancy-media-wrap\" style=\"\"><a href=\"https:\/\/www.sika.com\/\" class=\"layzr-bg\" style=\"\" target=\"_blank\"><img class=\"lazy-load preload-me\" src=\"data:image\/svg+xml,%3Csvg%20xmlns%3D&#39;http%3A%2F%2Fwww.w3.org%2F2000%2Fsvg&#39;%20viewBox%3D&#39;0%200%20300%20200&#39;%2F%3E\" data-src=\"https:\/\/www.constructorarr.com\/web\/wp-content\/uploads\/2018\/08\/Logo-Sika.png\" data-srcset=\"https:\/\/www.constructorarr.com\/web\/wp-content\/uploads\/2018\/08\/Logo-Sika.png 300w\" width=\"300\" height=\"200\"  data-dt-location=\"https:\/\/www.constructorarr.com\/web\/quienes-somos\/aliados\/logo-sika\/\" style=\"\" alt=\"\" \/><\/a><\/div><\/div><\/div><div id=\"ultimate-heading-944569f540238e410\" class=\"uvc-heading ult-adjust-bottom-margin ultimate-heading-944569f540238e410 uvc-8967 \" data-hspacer=\"no_spacer\"  data-halign=\"center\" style=\"text-align:center\"><div class=\"uvc-heading-spacer no_spacer\" style=\"top\"><\/div><div class=\"uvc-main-heading ult-responsive\"  data-ultimate-target='.uvc-heading.ultimate-heading-944569f540238e410 h2'  data-responsive-json-new='{\"font-size\":\"desktop:12px;\",\"line-height\":\"desktop:22px;\"}' ><h2 style=\"font-weight:normal;color:#bbbbbb;margin-top:10px;\">Sika<\/h2><\/div><\/div>[\/vc_column_inner][vc_column_inner width=\u00bb1\/2&#8243; css=\u00bb.vc_custom_1493827891223{padding-top: 20px !important;padding-right: 5px !important;padding-bottom: 20px !important;padding-left: 5px !important;background-color: #ffffff !important;}\u00bb]<div class=\"shortcode-single-image-wrap alignnone \" style=\"margin-top:0px; margin-bottom:0px; margin-left:0px; margin-right:0px; width:300px;\"><div class=\"shortcode-single-image\"><div class=\"fancy-media-wrap\" style=\"\"><a href=\"https:\/\/www.corona.co\/\" class=\"layzr-bg\" style=\"\" target=\"_blank\"><img class=\"lazy-load preload-me\" src=\"data:image\/svg+xml,%3Csvg%20xmlns%3D&#39;http%3A%2F%2Fwww.w3.org%2F2000%2Fsvg&#39;%20viewBox%3D&#39;0%200%20300%20200&#39;%2F%3E\" data-src=\"https:\/\/www.constructorarr.com\/web\/wp-content\/uploads\/2018\/08\/Corona-Logo.png\" data-srcset=\"https:\/\/www.constructorarr.com\/web\/wp-content\/uploads\/2018\/08\/Corona-Logo.png 300w\" width=\"300\" height=\"200\"  data-dt-location=\"https:\/\/www.constructorarr.com\/web\/quienes-somos\/aliados\/corona-logo\/\" style=\"\" alt=\"\" \/><\/a><\/div><\/div><\/div><div id=\"ultimate-heading-258769f540238eb52\" class=\"uvc-heading ult-adjust-bottom-margin ultimate-heading-258769f540238eb52 uvc-1206 \" data-hspacer=\"no_spacer\"  data-halign=\"center\" style=\"text-align:center\"><div class=\"uvc-heading-spacer no_spacer\" style=\"top\"><\/div><div class=\"uvc-main-heading ult-responsive\"  data-ultimate-target='.uvc-heading.ultimate-heading-258769f540238eb52 h2'  data-responsive-json-new='{\"font-size\":\"desktop:12px;\",\"line-height\":\"desktop:22px;\"}' ><h2 style=\"font-weight:normal;color:#bbbbbb;margin-top:10px;\">Corona<\/h2><\/div><\/div>[\/vc_column_inner][vc_column_inner width=\u00bb1\/2&#8243; css=\u00bb.vc_custom_1493827895105{padding-top: 20px !important;padding-right: 5px !important;padding-bottom: 20px !important;padding-left: 5px !important;background-color: #ffffff !important;}\u00bb]<div class=\"shortcode-single-image-wrap alignnone \" style=\"margin-top:0px; margin-bottom:0px; margin-left:0px; margin-right:0px; width:300px;\"><div class=\"shortcode-single-image\"><div class=\"fancy-media-wrap\" style=\"\"><a href=\"https:\/\/pavco.com.co\/\" class=\"layzr-bg\" style=\"\" target=\"_blank\"><img class=\"lazy-load preload-me\" src=\"data:image\/svg+xml,%3Csvg%20xmlns%3D&#39;http%3A%2F%2Fwww.w3.org%2F2000%2Fsvg&#39;%20viewBox%3D&#39;0%200%20300%20200&#39;%2F%3E\" data-src=\"https:\/\/www.constructorarr.com\/web\/wp-content\/uploads\/2018\/08\/Logo-Pavco.jpg\" data-srcset=\"https:\/\/www.constructorarr.com\/web\/wp-content\/uploads\/2018\/08\/Logo-Pavco.jpg 300w\" width=\"300\" height=\"200\"  data-dt-location=\"https:\/\/www.constructorarr.com\/web\/quienes-somos\/aliados\/logo-pavco\/\" style=\"\" alt=\"\" \/><\/a><\/div><\/div><\/div><div id=\"ultimate-heading-354469f540238f543\" class=\"uvc-heading ult-adjust-bottom-margin ultimate-heading-354469f540238f543 uvc-6482 \" data-hspacer=\"no_spacer\"  data-halign=\"center\" style=\"text-align:center\"><div class=\"uvc-heading-spacer no_spacer\" style=\"top\"><\/div><div class=\"uvc-main-heading ult-responsive\"  data-ultimate-target='.uvc-heading.ultimate-heading-354469f540238f543 h2'  data-responsive-json-new='{\"font-size\":\"desktop:12px;\",\"line-height\":\"desktop:22px;\"}' ><h2 style=\"font-weight:normal;color:#bbbbbb;margin-top:10px;\">Pavco<\/h2><\/div><\/div>[\/vc_column_inner][vc_column_inner width=\u00bb1\/2&#8243; css=\u00bb.vc_custom_1493827900824{padding-top: 20px !important;padding-right: 5px !important;padding-bottom: 20px !important;padding-left: 5px !important;background-color: #ffffff !important;}\u00bb]<div class=\"shortcode-single-image-wrap alignnone \" style=\"margin-top:0px; margin-bottom:0px; margin-left:0px; margin-right:0px; width:300px;\"><div class=\"shortcode-single-image\"><div class=\"fancy-media-wrap\" style=\"\"><a href=\"https:\/\/www.hierrosdeoccidente.com\" class=\"layzr-bg\" style=\"\" target=\"_blank\"><img class=\"lazy-load preload-me\" src=\"data:image\/svg+xml,%3Csvg%20xmlns%3D&#39;http%3A%2F%2Fwww.w3.org%2F2000%2Fsvg&#39;%20viewBox%3D&#39;0%200%20300%20200&#39;%2F%3E\" data-src=\"https:\/\/www.constructorarr.com\/web\/wp-content\/uploads\/2018\/08\/Hierros-Occidente-Logo.png\" data-srcset=\"https:\/\/www.constructorarr.com\/web\/wp-content\/uploads\/2018\/08\/Hierros-Occidente-Logo.png 300w\" width=\"300\" height=\"200\"  data-dt-location=\"https:\/\/www.constructorarr.com\/web\/quienes-somos\/aliados\/hierros-occidente-logo\/\" style=\"\" alt=\"\" \/><\/a><\/div><\/div><\/div><div id=\"ultimate-heading-851469f540238fefa\" class=\"uvc-heading ult-adjust-bottom-margin ultimate-heading-851469f540238fefa uvc-8776 \" data-hspacer=\"no_spacer\"  data-halign=\"center\" style=\"text-align:center\"><div class=\"uvc-heading-spacer no_spacer\" style=\"top\"><\/div><div class=\"uvc-main-heading ult-responsive\"  data-ultimate-target='.uvc-heading.ultimate-heading-851469f540238fefa h2'  data-responsive-json-new='{\"font-size\":\"desktop:12px;\",\"line-height\":\"desktop:22px;\"}' ><h2 style=\"font-weight:normal;color:#bbbbbb;margin-top:10px;\">Hierros de Occidente<\/h2><\/div><\/div>[\/vc_column_inner][vc_column_inner width=\u00bb1\/2&#8243; css=\u00bb.vc_custom_1493827905320{padding-top: 20px !important;padding-right: 5px !important;padding-bottom: 20px !important;padding-left: 5px !important;background-color: #ffffff !important;}\u00bb]<div class=\"shortcode-single-image-wrap alignnone \" style=\"margin-top:0px; margin-bottom:0px; margin-left:0px; margin-right:0px; width:300px;\"><div class=\"shortcode-single-image\"><div class=\"fancy-media-wrap\" style=\"\"><a href=\"https:\/\/www.almacencanaima.com\/\" class=\"layzr-bg\" style=\"\" target=\"_blank\"><img class=\"lazy-load preload-me\" src=\"data:image\/svg+xml,%3Csvg%20xmlns%3D&#39;http%3A%2F%2Fwww.w3.org%2F2000%2Fsvg&#39;%20viewBox%3D&#39;0%200%20300%20200&#39;%2F%3E\" data-src=\"https:\/\/www.constructorarr.com\/web\/wp-content\/uploads\/2018\/08\/Canaima-Logo.png\" data-srcset=\"https:\/\/www.constructorarr.com\/web\/wp-content\/uploads\/2018\/08\/Canaima-Logo.png 300w\" width=\"300\" height=\"200\"  data-dt-location=\"https:\/\/www.constructorarr.com\/web\/quienes-somos\/aliados\/canaima-logo\/\" style=\"\" alt=\"\" \/><\/a><\/div><\/div><\/div><div id=\"ultimate-heading-48469f54023907f3\" class=\"uvc-heading ult-adjust-bottom-margin ultimate-heading-48469f54023907f3 uvc-2546 \" data-hspacer=\"no_spacer\"  data-halign=\"center\" style=\"text-align:center\"><div class=\"uvc-heading-spacer no_spacer\" style=\"top\"><\/div><div class=\"uvc-main-heading ult-responsive\"  data-ultimate-target='.uvc-heading.ultimate-heading-48469f54023907f3 h2'  data-responsive-json-new='{\"font-size\":\"desktop:12px;\",\"line-height\":\"desktop:22px;\"}' ><h2 style=\"font-weight:normal;color:#bbbbbb;margin-top:10px;\">Almac\u00e9n Canaima<\/h2><\/div><\/div>[\/vc_column_inner][\/vc_row_inner][\/vc_column][\/vc_row][vc_row bg_type=\u00bbbg_color\u00bb bg_override=\u00bbfull\u00bb enable_overlay=\u00bbenable_overlay_value\u00bb overlay_color=\u00bbrgba(0,0,0,0.6)\u00bb type=\u00bbvc_default\u00bb css=\u00bb.vc_custom_1533239964224{padding-top: 70px !important;padding-bottom: 80px !important;}\u00bb bg_color_value=\u00bb#252525&#8243;][vc_column width=\u00bb2\/3&#8243;]<div id=\"ultimate-heading-503669f5402390932\" class=\"uvc-heading ult-adjust-bottom-margin ultimate-heading-503669f5402390932 uvc-6173 \" data-hspacer=\"no_spacer\"  data-halign=\"left\" style=\"text-align:left\"><div class=\"uvc-heading-spacer no_spacer\" style=\"top\"><\/div><div class=\"uvc-main-heading ult-responsive\"  data-ultimate-target='.uvc-heading.ultimate-heading-503669f5402390932 h2'  data-responsive-json-new='{\"font-size\":\"desktop:32px;\",\"line-height\":\"desktop:42px;\"}' ><h2 style=\"font-weight:bold;color:#ffffff;margin-bottom:20px;\">Tienes un proyecto para nosotros?<\/h2><\/div><div class=\"uvc-sub-heading ult-responsive\"  data-ultimate-target='.uvc-heading.ultimate-heading-503669f5402390932 .uvc-sub-heading '  data-responsive-json-new='{\"font-size\":\"desktop:18px;\",\"line-height\":\"desktop:30px;\"}'  style=\"font-weight:normal;color:#ffffff;margin-bottom:30px;\"><\/p>\n<p style=\"text-align: justify;\">Cont\u00e1ctenos y de inmediato te responderemos, nuestro compromiso es satisfacer las necesidades de nuestros clientes&#8230;<\/p>\n<p><\/div><\/div><a href=\"https:\/\/www.constructorarr.com\/web\/contactenos\/\" class=\"default-btn-shortcode dt-btn dt-btn-m btn-inline-left \" id=\"default-btn-82bf3c65e63a1a5c9cb988b2a634adc7\"><span>Cont\u00e1ctenos hoy!<\/span><\/a>[\/vc_column][\/vc_row]<\/p>\n","protected":false},"excerpt":{"rendered":"<p>[vc_row type=\u00bbvc_default\u00bb margin_top=\u00bb5&#8243; margin_bottom=\u00bb15&#8243; css=\u00bb.vc_custom_1493829267800{padding-top: 70px !important;}\u00bb][vc_column offset=\u00bbvc_col-lg-6 vc_col-md-6 vc_col-xs-12&#8243; css=\u00bb.vc_custom_1493829169670{padding-bottom: 70px !important;}\u00bb][vc_column_text] Somos una compa\u00f1ia con retos en ingenier\u00eda, arquitectura y servicio con altos estandares de calidad con valor agregado para nuestros clientes. Ademas estamos comprometidos con el medio ambiente. Nuestra organizaci\u00f3n cuenta con el Conocimiento y la Experiencia para abordar adecuadamente cada una&hellip;<\/p>\n","protected":false},"author":1,"featured_media":0,"parent":0,"menu_order":1,"comment_status":"closed","ping_status":"closed","template":"","meta":[],"_links":{"self":[{"href":"https:\/\/www.constructorarr.com\/web\/wp-json\/wp\/v2\/pages\/154"}],"collection":[{"href":"https:\/\/www.constructorarr.com\/web\/wp-json\/wp\/v2\/pages"}],"about":[{"href":"https:\/\/www.constructorarr.com\/web\/wp-json\/wp\/v2\/types\/page"}],"author":[{"embeddable":true,"href":"https:\/\/www.constructorarr.com\/web\/wp-json\/wp\/v2\/users\/1"}],"replies":[{"embeddable":true,"href":"https:\/\/www.constructorarr.com\/web\/wp-json\/wp\/v2\/comments?post=154"}],"version-history":[{"count":13,"href":"https:\/\/www.constructorarr.com\/web\/wp-json\/wp\/v2\/pages\/154\/revisions"}],"predecessor-version":[{"id":1232,"href":"https:\/\/www.constructorarr.com\/web\/wp-json\/wp\/v2\/pages\/154\/revisions\/1232"}],"wp:attachment":[{"href":"https:\/\/www.constructorarr.com\/web\/wp-json\/wp\/v2\/media?parent=154"}],"curies":[{"name":"wp","href":"https:\/\/api.w.org\/{rel}","templated":true}]}}