{"id":158,"date":"2016-06-23T11:15:45","date_gmt":"2016-06-23T10:15:45","guid":{"rendered":"https:\/\/web.io\/construction\/?page_id=158"},"modified":"2022-09-22T22:31:04","modified_gmt":"2022-09-22T22:31:04","slug":"testimonios","status":"publish","type":"page","link":"https:\/\/www.constructorarr.com\/web\/quienes-somos\/testimonios\/","title":{"rendered":"Testimonios"},"content":{"rendered":"<p>[vc_row][vc_column]<div class=\"owl-carousel testimonials-carousel-shortcode dt-testimonials-shortcode dt-owl-carousel-call testimonials-carousel-shortcode-id-9ba28bf5180fb072f2c8215cc65f6aa8 content-align-left layout-1 content-bg-on bullets-small-dot-stroke reposition-arrows arrows-bg-on disable-arrows-hover-bg arrows-hover-bg-on  \" data-scroll-mode=\"1\" data-col-num=\"3\" data-wide-col-num=\"4\" data-laptop-col=\"3\" data-h-tablet-columns-num=\"2\" data-v-tablet-columns-num=\"1\" data-phone-columns-num=\"1\" data-auto-height=\"false\" data-col-gap=\"30\" data-speed=\"600\" data-autoplay=\"false\" data-autoplay_speed=\"6000\" data-arrows=\"true\" data-bullet=\"false\" data-next-icon=\"icon-ar-017-r\" data-prev-icon=\"icon-ar-017-l\"><div class=\"testimonial-item\"><div class=\"testimonial-avatar\"><span class=\"testim-no-avatar\"><svg version=\"1.1\" xmlns=\"http:\/\/www.w3.org\/2000\/svg\" width=\"80\" height=\"80\" xmlns:xlink=\"http:\/\/www.w3.org\/1999\/xlink\" x=\"0px\" y=\"0px\"\n\t viewBox=\"0 0 60 60\" style=\"enable-background:new 0 0 60 60;\" xml:space=\"preserve\">\n<path d=\"M30,1.5c-16.542,0-30,12.112-30,27c0,5.204,1.646,10.245,4.768,14.604c-0.591,6.537-2.175,11.39-4.475,13.689\n\tc-0.304,0.304-0.38,0.769-0.188,1.153C0.275,58.289,0.625,58.5,1,58.5c0.046,0,0.092-0.003,0.139-0.01\n\tc0.405-0.057,9.813-1.411,16.618-5.339C21.621,54.71,25.737,55.5,30,55.5c16.542,0,30-12.112,30-27S46.542,1.5,30,1.5z M16,32.5\n\tc-2.206,0-4-1.794-4-4s1.794-4,4-4s4,1.794,4,4S18.206,32.5,16,32.5z M30,32.5c-2.206,0-4-1.794-4-4s1.794-4,4-4s4,1.794,4,4\n\tS32.206,32.5,30,32.5z M44,32.5c-2.206,0-4-1.794-4-4s1.794-4,4-4s4,1.794,4,4S46.206,32.5,44,32.5z\"\/>\n<\/svg><\/span><\/div><div class=\"content-wrap\"><div class=\"testimonial-vcard\"><div class=\"testimonial-name\"><span class=\"text-primary\">Jorge Casta\u00f1eda<\/span><br \/><\/div><div class=\"testimonial-position\"><span class=\"text-secondary color-secondary\">Inversionista de Hotel<\/span><\/div><\/div><div class=\"testimonial-content\"><p>Tomar la decisi\u00f3n de adquirir una propiedad ha sido una de las mas dif\u00edciles en mi vida. Tras un intenso an\u00e1lisis y evaluando las dem\u00e1s opciones del mercado, no me quedo duda alguna de que esta era la constructora con la que tenia que trabajar.<\/p>\n<\/div><\/div><\/div><div class=\"testimonial-item\"><div class=\"testimonial-avatar\"><span class=\"testim-no-avatar\"><svg version=\"1.1\" xmlns=\"http:\/\/www.w3.org\/2000\/svg\" width=\"80\" height=\"80\" xmlns:xlink=\"http:\/\/www.w3.org\/1999\/xlink\" x=\"0px\" y=\"0px\"\n\t viewBox=\"0 0 60 60\" style=\"enable-background:new 0 0 60 60;\" xml:space=\"preserve\">\n<path d=\"M30,1.5c-16.542,0-30,12.112-30,27c0,5.204,1.646,10.245,4.768,14.604c-0.591,6.537-2.175,11.39-4.475,13.689\n\tc-0.304,0.304-0.38,0.769-0.188,1.153C0.275,58.289,0.625,58.5,1,58.5c0.046,0,0.092-0.003,0.139-0.01\n\tc0.405-0.057,9.813-1.411,16.618-5.339C21.621,54.71,25.737,55.5,30,55.5c16.542,0,30-12.112,30-27S46.542,1.5,30,1.5z M16,32.5\n\tc-2.206,0-4-1.794-4-4s1.794-4,4-4s4,1.794,4,4S18.206,32.5,16,32.5z M30,32.5c-2.206,0-4-1.794-4-4s1.794-4,4-4s4,1.794,4,4\n\tS32.206,32.5,30,32.5z M44,32.5c-2.206,0-4-1.794-4-4s1.794-4,4-4s4,1.794,4,4S46.206,32.5,44,32.5z\"\/>\n<\/svg><\/span><\/div><div class=\"content-wrap\"><div class=\"testimonial-vcard\"><div class=\"testimonial-name\"><span class=\"text-primary\">Ana Sepulveda<\/span><br \/><\/div><div class=\"testimonial-position\"><span class=\"text-secondary color-secondary\">Inversionista<\/span><\/div><\/div><div class=\"testimonial-content\"><p>Estamos encantados con la casa, de seguro que si tuvi\u00e9ramos que hacer la casa de nuevo, la volver\u00edamos a hacer con esta constructora. Nos sentimos muy apoyados en nuestras ideas en cuanto al dise\u00f1o de la vivienda y la realidad econ\u00f3mica.<\/p>\n<\/div><\/div><\/div><div class=\"testimonial-item\"><div class=\"testimonial-avatar\"><span class=\"testim-no-avatar\"><svg version=\"1.1\" xmlns=\"http:\/\/www.w3.org\/2000\/svg\" width=\"80\" height=\"80\" xmlns:xlink=\"http:\/\/www.w3.org\/1999\/xlink\" x=\"0px\" y=\"0px\"\n\t viewBox=\"0 0 60 60\" style=\"enable-background:new 0 0 60 60;\" xml:space=\"preserve\">\n<path d=\"M30,1.5c-16.542,0-30,12.112-30,27c0,5.204,1.646,10.245,4.768,14.604c-0.591,6.537-2.175,11.39-4.475,13.689\n\tc-0.304,0.304-0.38,0.769-0.188,1.153C0.275,58.289,0.625,58.5,1,58.5c0.046,0,0.092-0.003,0.139-0.01\n\tc0.405-0.057,9.813-1.411,16.618-5.339C21.621,54.71,25.737,55.5,30,55.5c16.542,0,30-12.112,30-27S46.542,1.5,30,1.5z M16,32.5\n\tc-2.206,0-4-1.794-4-4s1.794-4,4-4s4,1.794,4,4S18.206,32.5,16,32.5z M30,32.5c-2.206,0-4-1.794-4-4s1.794-4,4-4s4,1.794,4,4\n\tS32.206,32.5,30,32.5z M44,32.5c-2.206,0-4-1.794-4-4s1.794-4,4-4s4,1.794,4,4S46.206,32.5,44,32.5z\"\/>\n<\/svg><\/span><\/div><div class=\"content-wrap\"><div class=\"testimonial-vcard\"><div class=\"testimonial-name\"><span class=\"text-primary\">Tiffany Henao<\/span><br \/><\/div><div class=\"testimonial-position\"><span class=\"text-secondary color-secondary\">Due\u00f1a de Empresa<\/span><\/div><\/div><div class=\"testimonial-content\"><p>Al principio nos result&oacute; duro hacer frente al gasto &ldquo;extra&rdquo; y nos entraron las dudas, a medida que iban avanzando los trabajos nos dimos cuenta que fue el dinero mejor invertido&hellip; me sent&iacute; segura, apoyada e interesada por las soluciones propuestas.<\/p>\n<\/div><\/div><\/div><div class=\"testimonial-item\"><div class=\"testimonial-avatar\"><span class=\"testim-no-avatar\"><svg version=\"1.1\" xmlns=\"http:\/\/www.w3.org\/2000\/svg\" width=\"80\" height=\"80\" xmlns:xlink=\"http:\/\/www.w3.org\/1999\/xlink\" x=\"0px\" y=\"0px\"\n\t viewBox=\"0 0 60 60\" style=\"enable-background:new 0 0 60 60;\" xml:space=\"preserve\">\n<path d=\"M30,1.5c-16.542,0-30,12.112-30,27c0,5.204,1.646,10.245,4.768,14.604c-0.591,6.537-2.175,11.39-4.475,13.689\n\tc-0.304,0.304-0.38,0.769-0.188,1.153C0.275,58.289,0.625,58.5,1,58.5c0.046,0,0.092-0.003,0.139-0.01\n\tc0.405-0.057,9.813-1.411,16.618-5.339C21.621,54.71,25.737,55.5,30,55.5c16.542,0,30-12.112,30-27S46.542,1.5,30,1.5z M16,32.5\n\tc-2.206,0-4-1.794-4-4s1.794-4,4-4s4,1.794,4,4S18.206,32.5,16,32.5z M30,32.5c-2.206,0-4-1.794-4-4s1.794-4,4-4s4,1.794,4,4\n\tS32.206,32.5,30,32.5z M44,32.5c-2.206,0-4-1.794-4-4s1.794-4,4-4s4,1.794,4,4S46.206,32.5,44,32.5z\"\/>\n<\/svg><\/span><\/div><div class=\"content-wrap\"><div class=\"testimonial-vcard\"><div class=\"testimonial-name\"><span class=\"text-primary\">Mateo Rivera<\/span><br \/><\/div><div class=\"testimonial-position\"><span class=\"text-secondary color-secondary\">Gerente de Hotel<\/span><\/div><\/div><div class=\"testimonial-content\"><p>El resultado fue muy bueno, respondi&oacute; a nuestras necesidades y adem&aacute;s lo hicieron de una manera r&aacute;pida, eficiente y muy cercana.Su intervenci&oacute;n adem&aacute;s, ha sido fundamental para adecuar y planificar el desembolso econ&oacute;mico con la constructora.<\/p>\n<\/div><\/div><\/div><div class=\"testimonial-item\"><div class=\"testimonial-avatar\"><span class=\"testim-no-avatar\"><svg version=\"1.1\" xmlns=\"http:\/\/www.w3.org\/2000\/svg\" width=\"80\" height=\"80\" xmlns:xlink=\"http:\/\/www.w3.org\/1999\/xlink\" x=\"0px\" y=\"0px\"\n\t viewBox=\"0 0 60 60\" style=\"enable-background:new 0 0 60 60;\" xml:space=\"preserve\">\n<path d=\"M30,1.5c-16.542,0-30,12.112-30,27c0,5.204,1.646,10.245,4.768,14.604c-0.591,6.537-2.175,11.39-4.475,13.689\n\tc-0.304,0.304-0.38,0.769-0.188,1.153C0.275,58.289,0.625,58.5,1,58.5c0.046,0,0.092-0.003,0.139-0.01\n\tc0.405-0.057,9.813-1.411,16.618-5.339C21.621,54.71,25.737,55.5,30,55.5c16.542,0,30-12.112,30-27S46.542,1.5,30,1.5z M16,32.5\n\tc-2.206,0-4-1.794-4-4s1.794-4,4-4s4,1.794,4,4S18.206,32.5,16,32.5z M30,32.5c-2.206,0-4-1.794-4-4s1.794-4,4-4s4,1.794,4,4\n\tS32.206,32.5,30,32.5z M44,32.5c-2.206,0-4-1.794-4-4s1.794-4,4-4s4,1.794,4,4S46.206,32.5,44,32.5z\"\/>\n<\/svg><\/span><\/div><div class=\"content-wrap\"><div class=\"testimonial-vcard\"><div class=\"testimonial-name\"><span class=\"text-primary\">Christian Mejia<\/span><br \/><\/div><div class=\"testimonial-position\"><span class=\"text-secondary color-secondary\">Inversionista de Hotel<\/span><\/div><\/div><div class=\"testimonial-content\"><p>Lo que necesit&aacute;bamos y lo que nos interesaba desde los primeros bocetos. Con vuestra propuesta sacamos partido al espacio con ideas muy creativas y originales. La obra fue un proceso f&aacute;cil ya que todo estaba decidido al detalle.<\/p>\n<\/div><\/div><\/div><div class=\"testimonial-item\"><div class=\"testimonial-avatar\"><span class=\"testim-no-avatar\"><svg version=\"1.1\" xmlns=\"http:\/\/www.w3.org\/2000\/svg\" width=\"80\" height=\"80\" xmlns:xlink=\"http:\/\/www.w3.org\/1999\/xlink\" x=\"0px\" y=\"0px\"\n\t viewBox=\"0 0 60 60\" style=\"enable-background:new 0 0 60 60;\" xml:space=\"preserve\">\n<path d=\"M30,1.5c-16.542,0-30,12.112-30,27c0,5.204,1.646,10.245,4.768,14.604c-0.591,6.537-2.175,11.39-4.475,13.689\n\tc-0.304,0.304-0.38,0.769-0.188,1.153C0.275,58.289,0.625,58.5,1,58.5c0.046,0,0.092-0.003,0.139-0.01\n\tc0.405-0.057,9.813-1.411,16.618-5.339C21.621,54.71,25.737,55.5,30,55.5c16.542,0,30-12.112,30-27S46.542,1.5,30,1.5z M16,32.5\n\tc-2.206,0-4-1.794-4-4s1.794-4,4-4s4,1.794,4,4S18.206,32.5,16,32.5z M30,32.5c-2.206,0-4-1.794-4-4s1.794-4,4-4s4,1.794,4,4\n\tS32.206,32.5,30,32.5z M44,32.5c-2.206,0-4-1.794-4-4s1.794-4,4-4s4,1.794,4,4S46.206,32.5,44,32.5z\"\/>\n<\/svg><\/span><\/div><div class=\"content-wrap\"><div class=\"testimonial-vcard\"><div class=\"testimonial-name\"><span class=\"text-primary\">Carlos Oregon<\/span><br \/><\/div><div class=\"testimonial-position\"><span class=\"text-secondary color-secondary\">Due\u00f1o de Condominio<\/span><\/div><\/div><div class=\"testimonial-content\"><p>Respetando mi idea original, Paula fue m&aacute;s all&aacute; proponiendo soluciones e ideas est&eacute;ticamente originales y muy pr&aacute;cticas. No solo para hoy, sino para dentro de bastantes a&ntilde;os. Los recomendamos altamente para cualquier obra.<\/p>\n<\/div><\/div><\/div><\/div>[\/vc_column][\/vc_row]<\/p>\n","protected":false},"excerpt":{"rendered":"<p>[vc_row][vc_column][\/vc_column][\/vc_row]<\/p>\n","protected":false},"author":1,"featured_media":0,"parent":154,"menu_order":0,"comment_status":"closed","ping_status":"closed","template":"","meta":[],"_links":{"self":[{"href":"https:\/\/www.constructorarr.com\/web\/wp-json\/wp\/v2\/pages\/158"}],"collection":[{"href":"https:\/\/www.constructorarr.com\/web\/wp-json\/wp\/v2\/pages"}],"about":[{"href":"https:\/\/www.constructorarr.com\/web\/wp-json\/wp\/v2\/types\/page"}],"author":[{"embeddable":true,"href":"https:\/\/www.constructorarr.com\/web\/wp-json\/wp\/v2\/users\/1"}],"replies":[{"embeddable":true,"href":"https:\/\/www.constructorarr.com\/web\/wp-json\/wp\/v2\/comments?post=158"}],"version-history":[{"count":4,"href":"https:\/\/www.constructorarr.com\/web\/wp-json\/wp\/v2\/pages\/158\/revisions"}],"predecessor-version":[{"id":3392,"href":"https:\/\/www.constructorarr.com\/web\/wp-json\/wp\/v2\/pages\/158\/revisions\/3392"}],"up":[{"embeddable":true,"href":"https:\/\/www.constructorarr.com\/web\/wp-json\/wp\/v2\/pages\/154"}],"wp:attachment":[{"href":"https:\/\/www.constructorarr.com\/web\/wp-json\/wp\/v2\/media?parent=158"}],"curies":[{"name":"wp","href":"https:\/\/api.w.org\/{rel}","templated":true}]}}