{"id":267,"date":"2016-06-24T19:52:48","date_gmt":"2016-06-24T18:52:48","guid":{"rendered":"https:\/\/web.io\/construction\/?page_id=267"},"modified":"2018-08-08T02:58:11","modified_gmt":"2018-08-08T02:58:11","slug":"aliados","status":"publish","type":"page","link":"https:\/\/www.constructorarr.com\/web\/quienes-somos\/aliados\/","title":{"rendered":"Aliados"},"content":{"rendered":"<p>[vc_row gap=\u00bb30&#8243; equal_height=\u00bbyes\u00bb type=\u00bbvc_default\u00bb css=\u00bb.vc_custom_1495106153378{padding-top: 70px !important;padding-right: 25px !important;padding-bottom: 70px !important;padding-left: 25px !important;}\u00bb][vc_column width=\u00bb1\/2&#8243; css=\u00bb.vc_custom_1494951288995{padding-top: 30px !important;padding-right: 30px !important;padding-bottom: 30px !important;padding-left: 30px !important;background-color: #f4f4f4 !important;}\u00bb offset=\u00bbvc_col-lg-4 vc_col-md-4&#8243;]<div class=\"shortcode-single-image-wrap alignnone  vc_custom_1533209253875\" ><div class=\"shortcode-single-image\"><div class=\"fancy-media-wrap layzr-bg\" style=\"\"><img class=\"lazy-load preload-me\" src=\"data:image\/svg+xml,%3Csvg%20xmlns%3D&#39;http%3A%2F%2Fwww.w3.org%2F2000%2Fsvg&#39;%20viewBox%3D&#39;0%200%20300%20200&#39;%2F%3E\" data-src=\"https:\/\/www.constructorarr.com\/web\/wp-content\/uploads\/2018\/08\/Logo-Argos.png\" data-srcset=\"https:\/\/www.constructorarr.com\/web\/wp-content\/uploads\/2018\/08\/Logo-Argos.png 300w\" width=\"300\" height=\"200\"  data-dt-location=\"https:\/\/www.constructorarr.com\/web\/quienes-somos\/aliados\/logo-argos\/\" style=\"\" alt=\"\" \/><\/div><\/div><\/div><div id=\"ultimate-heading-399169e88216a629f\" class=\"uvc-heading ult-adjust-bottom-margin ultimate-heading-399169e88216a629f uvc-9399 accent-border-color\" data-hspacer=\"line_only\"  data-halign=\"center\" style=\"text-align:center\"><div class=\"uvc-heading-spacer line_only\" style=\"margin-top:30px;margin-bottom:20px;height:4px;\"><span class=\"uvc-headings-line\" style=\"border-style:solid;border-bottom-width:4px;border-color:;width:50px;\"><\/span><\/div><div class=\"uvc-main-heading ult-responsive\"  data-ultimate-target='.uvc-heading.ultimate-heading-399169e88216a629f h2'  data-responsive-json-new='{\"font-size\":\"desktop:18px;\",\"line-height\":\"desktop:28px;\"}' ><h2 style=\"font-weight:bold;margin-bottom:10px;\">Argos<\/h2><\/div><div class=\"uvc-sub-heading ult-responsive\"  data-ultimate-target='.uvc-heading.ultimate-heading-399169e88216a629f .uvc-sub-heading '  data-responsive-json-new='{\"font-size\":\"desktop:14px;\",\"line-height\":\"desktop:28px;\"}'  style=\"font-weight:normal;\"><\/p>\n<p style=\"text-align: justify;\">Organizaci\u00f3n multinacional, productora y comercializadora de cemento y concreto.<\/p>\n<p><\/div><\/div>[\/vc_column][vc_column width=\u00bb1\/2&#8243; css=\u00bb.vc_custom_1494951296945{padding-top: 30px !important;padding-right: 30px !important;padding-bottom: 30px !important;padding-left: 30px !important;background-color: #f4f4f4 !important;}\u00bb offset=\u00bbvc_col-lg-4 vc_col-md-4&#8243;]<div class=\"shortcode-single-image-wrap alignnone  vc_custom_1533209273257\" ><div class=\"shortcode-single-image\"><div class=\"fancy-media-wrap layzr-bg\" style=\"\"><img class=\"lazy-load preload-me\" src=\"data:image\/svg+xml,%3Csvg%20xmlns%3D&#39;http%3A%2F%2Fwww.w3.org%2F2000%2Fsvg&#39;%20viewBox%3D&#39;0%200%20300%20200&#39;%2F%3E\" data-src=\"https:\/\/www.constructorarr.com\/web\/wp-content\/uploads\/2018\/08\/Logo-Sika.png\" data-srcset=\"https:\/\/www.constructorarr.com\/web\/wp-content\/uploads\/2018\/08\/Logo-Sika.png 300w\" width=\"300\" height=\"200\"  data-dt-location=\"https:\/\/www.constructorarr.com\/web\/quienes-somos\/aliados\/logo-sika\/\" style=\"\" alt=\"\" \/><\/div><\/div><\/div><div id=\"ultimate-heading-556069e88216a6c48\" class=\"uvc-heading ult-adjust-bottom-margin ultimate-heading-556069e88216a6c48 uvc-6865 accent-border-color\" data-hspacer=\"line_only\"  data-halign=\"center\" style=\"text-align:center\"><div class=\"uvc-heading-spacer line_only\" style=\"margin-top:30px;margin-bottom:20px;height:4px;\"><span class=\"uvc-headings-line\" style=\"border-style:solid;border-bottom-width:4px;border-color:;width:50px;\"><\/span><\/div><div class=\"uvc-main-heading ult-responsive\"  data-ultimate-target='.uvc-heading.ultimate-heading-556069e88216a6c48 h2'  data-responsive-json-new='{\"font-size\":\"desktop:18px;\",\"line-height\":\"desktop:28px;\"}' ><h2 style=\"font-weight:bold;margin-bottom:10px;\">Sika<\/h2><\/div><div class=\"uvc-sub-heading ult-responsive\"  data-ultimate-target='.uvc-heading.ultimate-heading-556069e88216a6c48 .uvc-sub-heading '  data-responsive-json-new='{\"font-size\":\"desktop:14px;\",\"line-height\":\"desktop:28px;\"}'  style=\"font-weight:normal;\"><\/p>\n<p style=\"text-align: justify;\">Fabricante lider de sistemas de espuma de poliuretano en suiza.<\/p>\n<p><\/div><\/div>[\/vc_column][vc_column width=\u00bb1\/2&#8243; css=\u00bb.vc_custom_1494951305274{padding-top: 30px !important;padding-right: 30px !important;padding-bottom: 30px !important;padding-left: 30px !important;background-color: #f4f4f4 !important;}\u00bb offset=\u00bbvc_col-lg-4 vc_col-md-4&#8243;]<div class=\"shortcode-single-image-wrap alignnone  vc_custom_1533209291313\" ><div class=\"shortcode-single-image\"><div class=\"fancy-media-wrap layzr-bg\" style=\"\"><img class=\"lazy-load preload-me\" src=\"data:image\/svg+xml,%3Csvg%20xmlns%3D&#39;http%3A%2F%2Fwww.w3.org%2F2000%2Fsvg&#39;%20viewBox%3D&#39;0%200%20300%20200&#39;%2F%3E\" data-src=\"https:\/\/www.constructorarr.com\/web\/wp-content\/uploads\/2018\/08\/Corona-Logo.png\" data-srcset=\"https:\/\/www.constructorarr.com\/web\/wp-content\/uploads\/2018\/08\/Corona-Logo.png 300w\" width=\"300\" height=\"200\"  data-dt-location=\"https:\/\/www.constructorarr.com\/web\/quienes-somos\/aliados\/corona-logo\/\" style=\"\" alt=\"\" \/><\/div><\/div><\/div><div id=\"ultimate-heading-415069e88216a74e2\" class=\"uvc-heading ult-adjust-bottom-margin ultimate-heading-415069e88216a74e2 uvc-1408 accent-border-color\" data-hspacer=\"line_only\"  data-halign=\"center\" style=\"text-align:center\"><div class=\"uvc-heading-spacer line_only\" style=\"margin-top:30px;margin-bottom:20px;height:4px;\"><span class=\"uvc-headings-line\" style=\"border-style:solid;border-bottom-width:4px;border-color:;width:50px;\"><\/span><\/div><div class=\"uvc-main-heading ult-responsive\"  data-ultimate-target='.uvc-heading.ultimate-heading-415069e88216a74e2 h2'  data-responsive-json-new='{\"font-size\":\"desktop:18px;\",\"line-height\":\"desktop:28px;\"}' ><h2 style=\"font-weight:bold;margin-bottom:10px;\">Corona<\/h2><\/div><div class=\"uvc-sub-heading ult-responsive\"  data-ultimate-target='.uvc-heading.ultimate-heading-415069e88216a74e2 .uvc-sub-heading '  data-responsive-json-new='{\"font-size\":\"desktop:14px;\",\"line-height\":\"desktop:28px;\"}'  style=\"font-weight:normal;\"><\/p>\n<p style=\"text-align: justify;\">Multinacional y comercializadora de productos para el hogar, construcci\u00f3n, etc.<\/p>\n<p><\/div><\/div>[\/vc_column][vc_column width=\u00bb1\/2&#8243; css=\u00bb.vc_custom_1494951313543{padding-top: 30px !important;padding-right: 30px !important;padding-bottom: 30px !important;padding-left: 30px !important;background-color: #f4f4f4 !important;}\u00bb offset=\u00bbvc_col-lg-4 vc_col-md-4&#8243;]<div class=\"shortcode-single-image-wrap alignnone  vc_custom_1533697085961\" ><div class=\"shortcode-single-image\"><div class=\"fancy-media-wrap layzr-bg\" style=\"\"><img class=\"lazy-load preload-me\" src=\"data:image\/svg+xml,%3Csvg%20xmlns%3D&#39;http%3A%2F%2Fwww.w3.org%2F2000%2Fsvg&#39;%20viewBox%3D&#39;0%200%20300%20200&#39;%2F%3E\" data-src=\"https:\/\/www.constructorarr.com\/web\/wp-content\/uploads\/2018\/08\/Logo-Pavco-Transparente.png\" data-srcset=\"https:\/\/www.constructorarr.com\/web\/wp-content\/uploads\/2018\/08\/Logo-Pavco-Transparente.png 300w\" width=\"300\" height=\"200\"  data-dt-location=\"https:\/\/www.constructorarr.com\/web\/quienes-somos\/aliados\/logo-pavco-transparente\/\" style=\"\" alt=\"\" \/><\/div><\/div><\/div><div id=\"ultimate-heading-925469e88216a7ce9\" class=\"uvc-heading ult-adjust-bottom-margin ultimate-heading-925469e88216a7ce9 uvc-8412 accent-border-color\" data-hspacer=\"line_only\"  data-halign=\"center\" style=\"text-align:center\"><div class=\"uvc-heading-spacer line_only\" style=\"margin-top:30px;margin-bottom:20px;height:4px;\"><span class=\"uvc-headings-line\" style=\"border-style:solid;border-bottom-width:4px;border-color:;width:50px;\"><\/span><\/div><div class=\"uvc-main-heading ult-responsive\"  data-ultimate-target='.uvc-heading.ultimate-heading-925469e88216a7ce9 h2'  data-responsive-json-new='{\"font-size\":\"desktop:18px;\",\"line-height\":\"desktop:28px;\"}' ><h2 style=\"font-weight:bold;margin-bottom:10px;\">Pavco<\/h2><\/div><div class=\"uvc-sub-heading ult-responsive\"  data-ultimate-target='.uvc-heading.ultimate-heading-925469e88216a7ce9 .uvc-sub-heading '  data-responsive-json-new='{\"font-size\":\"desktop:14px;\",\"line-height\":\"desktop:28px;\"}'  style=\"font-weight:normal;\"><\/p>\n<p style=\"text-align: justify;\">Multinacional\u00a0l\u00edder en la provisi\u00f3n de productos y soluciones para los sectores de la petroqu\u00edmica, construcci\u00f3n, infraestructura, agricultura, etc.<\/p>\n<p><\/div><\/div>[\/vc_column][vc_column width=\u00bb1\/2&#8243; css=\u00bb.vc_custom_1494951321905{padding-top: 30px !important;padding-right: 30px !important;padding-bottom: 30px !important;padding-left: 30px !important;background-color: #f4f4f4 !important;}\u00bb offset=\u00bbvc_col-lg-4 vc_col-md-4&#8243;]<div class=\"shortcode-single-image-wrap alignnone  vc_custom_1533209328910\" ><div class=\"shortcode-single-image\"><div class=\"fancy-media-wrap layzr-bg\" style=\"\"><img class=\"lazy-load preload-me\" src=\"data:image\/svg+xml,%3Csvg%20xmlns%3D&#39;http%3A%2F%2Fwww.w3.org%2F2000%2Fsvg&#39;%20viewBox%3D&#39;0%200%20300%20200&#39;%2F%3E\" data-src=\"https:\/\/www.constructorarr.com\/web\/wp-content\/uploads\/2018\/08\/Hierros-Occidente-Logo.png\" data-srcset=\"https:\/\/www.constructorarr.com\/web\/wp-content\/uploads\/2018\/08\/Hierros-Occidente-Logo.png 300w\" width=\"300\" height=\"200\"  data-dt-location=\"https:\/\/www.constructorarr.com\/web\/quienes-somos\/aliados\/hierros-occidente-logo\/\" style=\"\" alt=\"\" \/><\/div><\/div><\/div><div id=\"ultimate-heading-860069e88216a851b\" class=\"uvc-heading ult-adjust-bottom-margin ultimate-heading-860069e88216a851b uvc-9548 accent-border-color\" data-hspacer=\"line_only\"  data-halign=\"center\" style=\"text-align:center\"><div class=\"uvc-heading-spacer line_only\" style=\"margin-top:30px;margin-bottom:20px;height:4px;\"><span class=\"uvc-headings-line\" style=\"border-style:solid;border-bottom-width:4px;border-color:;width:50px;\"><\/span><\/div><div class=\"uvc-main-heading ult-responsive\"  data-ultimate-target='.uvc-heading.ultimate-heading-860069e88216a851b h2'  data-responsive-json-new='{\"font-size\":\"desktop:18px;\",\"line-height\":\"desktop:28px;\"}' ><h2 style=\"font-weight:bold;margin-bottom:10px;\">Hierros de Occidente<\/h2><\/div><div class=\"uvc-sub-heading ult-responsive\"  data-ultimate-target='.uvc-heading.ultimate-heading-860069e88216a851b .uvc-sub-heading '  data-responsive-json-new='{\"font-size\":\"desktop:14px;\",\"line-height\":\"desktop:28px;\"}'  style=\"font-weight:normal;\"><\/p>\n<p style=\"text-align: justify;\">Empresa con gran trayectoria en el sector ferretero, dedicados a la comercializaci\u00f3n de materiales y herramientas para la construcci\u00f3n.<\/p>\n<p><\/div><\/div>[\/vc_column][vc_column width=\u00bb1\/2&#8243; css=\u00bb.vc_custom_1494951333771{padding-top: 30px !important;padding-right: 30px !important;padding-bottom: 30px !important;padding-left: 30px !important;background-color: #f4f4f4 !important;}\u00bb offset=\u00bbvc_col-lg-4 vc_col-md-4&#8243;]<div class=\"shortcode-single-image-wrap alignnone  vc_custom_1533209344223\" ><div class=\"shortcode-single-image\"><div class=\"fancy-media-wrap layzr-bg\" style=\"\"><img class=\"lazy-load preload-me\" src=\"data:image\/svg+xml,%3Csvg%20xmlns%3D&#39;http%3A%2F%2Fwww.w3.org%2F2000%2Fsvg&#39;%20viewBox%3D&#39;0%200%20300%20200&#39;%2F%3E\" data-src=\"https:\/\/www.constructorarr.com\/web\/wp-content\/uploads\/2018\/08\/Canaima-Logo.png\" data-srcset=\"https:\/\/www.constructorarr.com\/web\/wp-content\/uploads\/2018\/08\/Canaima-Logo.png 300w\" width=\"300\" height=\"200\"  data-dt-location=\"https:\/\/www.constructorarr.com\/web\/quienes-somos\/aliados\/canaima-logo\/\" style=\"\" alt=\"\" \/><\/div><\/div><\/div><div id=\"ultimate-heading-659069e88216a8dfe\" class=\"uvc-heading ult-adjust-bottom-margin ultimate-heading-659069e88216a8dfe uvc-8175 accent-border-color\" data-hspacer=\"line_only\"  data-halign=\"center\" style=\"text-align:center\"><div class=\"uvc-heading-spacer line_only\" style=\"margin-top:30px;margin-bottom:20px;height:4px;\"><span class=\"uvc-headings-line\" style=\"border-style:solid;border-bottom-width:4px;border-color:;width:50px;\"><\/span><\/div><div class=\"uvc-main-heading ult-responsive\"  data-ultimate-target='.uvc-heading.ultimate-heading-659069e88216a8dfe h2'  data-responsive-json-new='{\"font-size\":\"desktop:18px;\",\"line-height\":\"desktop:28px;\"}' ><h2 style=\"font-weight:bold;margin-bottom:10px;\">Almac\u00e9n Canaima<\/h2><\/div><div class=\"uvc-sub-heading ult-responsive\"  data-ultimate-target='.uvc-heading.ultimate-heading-659069e88216a8dfe .uvc-sub-heading '  data-responsive-json-new='{\"font-size\":\"desktop:14px;\",\"line-height\":\"desktop:28px;\"}'  style=\"font-weight:normal;\"><\/p>\n<p style=\"text-align: justify;\">Empresa que se especializa en comercializar materiales para la construcci\u00f3n y acabados. Ofreciendo un amplio portafolio de productos y servicios.<\/p>\n<p><\/div><\/div>[\/vc_column][\/vc_row]<\/p>\n","protected":false},"excerpt":{"rendered":"<p>[vc_row gap=\u00bb30&#8243; equal_height=\u00bbyes\u00bb type=\u00bbvc_default\u00bb css=\u00bb.vc_custom_1495106153378{padding-top: 70px !important;padding-right: 25px !important;padding-bottom: 70px !important;padding-left: 25px !important;}\u00bb][vc_column width=\u00bb1\/2&#8243; css=\u00bb.vc_custom_1494951288995{padding-top: 30px !important;padding-right: 30px !important;padding-bottom: 30px !important;padding-left: 30px !important;background-color: #f4f4f4 !important;}\u00bb offset=\u00bbvc_col-lg-4 vc_col-md-4&#8243;][\/vc_column][vc_column width=\u00bb1\/2&#8243; css=\u00bb.vc_custom_1494951296945{padding-top: 30px !important;padding-right: 30px !important;padding-bottom: 30px !important;padding-left: 30px !important;background-color: #f4f4f4 !important;}\u00bb offset=\u00bbvc_col-lg-4 vc_col-md-4&#8243;][\/vc_column][vc_column width=\u00bb1\/2&#8243; css=\u00bb.vc_custom_1494951305274{padding-top: 30px !important;padding-right: 30px !important;padding-bottom: 30px !important;padding-left: 30px !important;background-color: #f4f4f4 !important;}\u00bb offset=\u00bbvc_col-lg-4 vc_col-md-4&#8243;][\/vc_column][vc_column&hellip;<\/p>\n","protected":false},"author":1,"featured_media":0,"parent":154,"menu_order":0,"comment_status":"closed","ping_status":"closed","template":"","meta":[],"_links":{"self":[{"href":"https:\/\/www.constructorarr.com\/web\/wp-json\/wp\/v2\/pages\/267"}],"collection":[{"href":"https:\/\/www.constructorarr.com\/web\/wp-json\/wp\/v2\/pages"}],"about":[{"href":"https:\/\/www.constructorarr.com\/web\/wp-json\/wp\/v2\/types\/page"}],"author":[{"embeddable":true,"href":"https:\/\/www.constructorarr.com\/web\/wp-json\/wp\/v2\/users\/1"}],"replies":[{"embeddable":true,"href":"https:\/\/www.constructorarr.com\/web\/wp-json\/wp\/v2\/comments?post=267"}],"version-history":[{"count":11,"href":"https:\/\/www.constructorarr.com\/web\/wp-json\/wp\/v2\/pages\/267\/revisions"}],"predecessor-version":[{"id":1226,"href":"https:\/\/www.constructorarr.com\/web\/wp-json\/wp\/v2\/pages\/267\/revisions\/1226"}],"up":[{"embeddable":true,"href":"https:\/\/www.constructorarr.com\/web\/wp-json\/wp\/v2\/pages\/154"}],"wp:attachment":[{"href":"https:\/\/www.constructorarr.com\/web\/wp-json\/wp\/v2\/media?parent=267"}],"curies":[{"name":"wp","href":"https:\/\/api.w.org\/{rel}","templated":true}]}}