{"id":27,"date":"2016-06-21T22:38:18","date_gmt":"2016-06-21T21:38:18","guid":{"rendered":"https:\/\/web.io\/construction\/?page_id=27"},"modified":"2018-08-02T11:38:52","modified_gmt":"2018-08-02T11:38:52","slug":"servicios","status":"publish","type":"page","link":"https:\/\/www.constructorarr.com\/web\/servicios\/","title":{"rendered":"Servicios"},"content":{"rendered":"<p>[vc_row full_width=\u00bbstretch_row_content\u00bb gap=\u00bb30&#8243; equal_height=\u00bbyes\u00bb type=\u00bbvc_default\u00bb css=\u00bb.vc_custom_1533064196282{padding-top: 70px !important;padding-right: 25px !important;padding-bottom: 70px !important;padding-left: 25px !important;}\u00bb][vc_column css=\u00bb.vc_custom_1465512664873{padding-top: 0px !important;padding-right: 0px !important;padding-bottom: 0px !important;padding-left: 0px !important;background-color: #f4f4f4 !important;}\u00bb][vc_row_inner css=\u00bb.vc_custom_1495105364136{padding-top: 30px !important;padding-right: 30px !important;padding-bottom: 40px !important;padding-left: 30px !important;}\u00bb][vc_column_inner width=\u00bb1\/2&#8243;][vc_single_image image=\u00bb1110&#8243; img_size=\u00bbfull\u00bb alignment=\u00bbcenter\u00bb onclick=\u00bbcustom_link\u00bb link=\u00bbhttps:\/\/www.constructorarr.com\/web\/servicios\/asesoria-interventoria-y-supervision-de-obra\/\u00bb][\/vc_column_inner][vc_column_inner width=\u00bb1\/2&#8243;]<div id=\"ultimate-heading-46596a079bb381a47\" class=\"uvc-heading ult-adjust-bottom-margin ultimate-heading-46596a079bb381a47 uvc-6548 \" data-hspacer=\"no_spacer\"  data-halign=\"center\" style=\"text-align:center\"><div class=\"uvc-heading-spacer no_spacer\" style=\"top\"><\/div><div class=\"uvc-main-heading ult-responsive\"  data-ultimate-target='.uvc-heading.ultimate-heading-46596a079bb381a47 h6'  data-responsive-json-new='{\"font-size\":\"desktop:26px;\",\"line-height\":\"desktop:36px;\"}' ><h6 style=\"font-weight:bold;margin-bottom:20px;\">Asesoria, Interventoria y Supervisi\u00f3n de Obra<\/h6><\/div><\/div>[vc_column_text css=\u00bb.vc_custom_1533066787869{padding-bottom: 20px !important;}\u00bb]<\/p>\n<ul>\n<li style=\"text-align: justify;\">Dise\u00f1o Arquitect\u00f3nico.<\/li>\n<li style=\"text-align: justify;\">Dise\u00f1o y Calculo Estructural.<\/li>\n<li style=\"text-align: justify;\">Dise\u00f1o y Calculo Hidr\u00e1ulico y Sanitario.<\/li>\n<\/ul>\n<p>[\/vc_column_text]<a href=\"https:\/\/www.constructorarr.com\/web\/servicios\/asesoria-interventoria-y-supervision-de-obra\/\" class=\"default-btn-shortcode dt-btn dt-btn-m btn-inline-left \" id=\"default-btn-5d2b9756bb90185c7ec44b7973dcbf71\"><span>Leer m\u00e1s<\/span><\/a>[\/vc_column_inner][\/vc_row_inner][vc_row_inner css=\u00bb.vc_custom_1495105364136{padding-top: 30px !important;padding-right: 30px !important;padding-bottom: 40px !important;padding-left: 30px !important;}\u00bb][vc_column_inner width=\u00bb1\/2&#8243;]<div id=\"ultimate-heading-93716a079bb381d73\" class=\"uvc-heading ult-adjust-bottom-margin ultimate-heading-93716a079bb381d73 uvc-3328 \" data-hspacer=\"no_spacer\"  data-halign=\"center\" style=\"text-align:center\"><div class=\"uvc-heading-spacer no_spacer\" style=\"top\"><\/div><div class=\"uvc-main-heading ult-responsive\"  data-ultimate-target='.uvc-heading.ultimate-heading-93716a079bb381d73 h2'  data-responsive-json-new='{\"font-size\":\"desktop:26px;\",\"line-height\":\"desktop:36px;\"}' ><h2 style=\"font-weight:bold;margin-bottom:20px;\">Consultoria en Estudios y Dise\u00f1os<\/h2><\/div><\/div>[vc_column_text css=\u00bb.vc_custom_1533067023190{padding-bottom: 20px !important;}\u00bb]<\/p>\n<ul>\n<li style=\"text-align: justify;\">Dise\u00f1o Arquitect\u00f3nico Bioclim\u00e1tico Sostenible.<\/li>\n<li style=\"text-align: justify;\">Ingeniera Hidr\u00e1ulica y Sanitaria.<\/li>\n<li style=\"text-align: justify;\">Ingenieria Electrica Voz y Datos.<\/li>\n<\/ul>\n<p>[\/vc_column_text]<a href=\"https:\/\/www.constructorarr.com\/web\/servicios\/consultoria-en-estudios-y-disenos\/\" class=\"default-btn-shortcode dt-btn dt-btn-m btn-inline-left \" id=\"default-btn-34708d2d8fcced8ceb7b33902cf691a5\"><span>Leer m\u00e1s<\/span><\/a>[\/vc_column_inner][vc_column_inner width=\u00bb1\/2&#8243;][vc_single_image image=\u00bb1108&#8243; img_size=\u00bbfull\u00bb alignment=\u00bbcenter\u00bb onclick=\u00bbcustom_link\u00bb link=\u00bbhttps:\/\/www.constructorarr.com\/web\/servicios\/consultoria-en-estudios-y-disenos\/\u00bb][\/vc_column_inner][\/vc_row_inner][vc_row_inner css=\u00bb.vc_custom_1495105364136{padding-top: 30px !important;padding-right: 30px !important;padding-bottom: 40px !important;padding-left: 30px !important;}\u00bb][vc_column_inner width=\u00bb1\/2&#8243;][vc_single_image image=\u00bb1109&#8243; img_size=\u00bbfull\u00bb alignment=\u00bbcenter\u00bb onclick=\u00bbcustom_link\u00bb link=\u00bbhttps:\/\/www.constructorarr.com\/web\/servicios\/construccion\/\u00bb][\/vc_column_inner][vc_column_inner width=\u00bb1\/2&#8243;]<div id=\"ultimate-heading-17536a079bb381f94\" class=\"uvc-heading ult-adjust-bottom-margin ultimate-heading-17536a079bb381f94 uvc-4926 \" data-hspacer=\"no_spacer\"  data-halign=\"center\" style=\"text-align:center\"><div class=\"uvc-heading-spacer no_spacer\" style=\"top\"><\/div><div class=\"uvc-main-heading ult-responsive\"  data-ultimate-target='.uvc-heading.ultimate-heading-17536a079bb381f94 h2'  data-responsive-json-new='{\"font-size\":\"desktop:26px;\",\"line-height\":\"desktop:36px;\"}' ><h2 style=\"font-weight:bold;margin-bottom:20px;\">Construcci\u00f3n<\/h2><\/div><\/div>[vc_column_text css=\u00bb.vc_custom_1533062465268{padding-bottom: 20px !important;}\u00bb]<\/p>\n<ul>\n<li style=\"text-align: justify;\">Obra Civil Construcciones en Estructura Metalica y Estructuras en Concreto.<\/li>\n<li style=\"text-align: justify;\">Obra Hidr\u00e1ulica, Sanitaria y El\u00e9ctrica.<\/li>\n<li style=\"text-align: justify;\">Acabados Arquitect\u00f3nicos.<\/li>\n<\/ul>\n<p>[\/vc_column_text]<a href=\"https:\/\/www.constructorarr.com\/web\/servicios\/construccion\/\" class=\"default-btn-shortcode dt-btn dt-btn-m btn-inline-left \" id=\"default-btn-d560159ac32ed5a7e87e39ef6209ed6c\"><span>Leer m\u00e1s<\/span><\/a>[\/vc_column_inner][\/vc_row_inner][\/vc_column][\/vc_row]<\/p>\n","protected":false},"excerpt":{"rendered":"<p>[vc_row full_width=\u00bbstretch_row_content\u00bb gap=\u00bb30&#8243; equal_height=\u00bbyes\u00bb type=\u00bbvc_default\u00bb css=\u00bb.vc_custom_1533064196282{padding-top: 70px !important;padding-right: 25px !important;padding-bottom: 70px !important;padding-left: 25px !important;}\u00bb][vc_column css=\u00bb.vc_custom_1465512664873{padding-top: 0px !important;padding-right: 0px !important;padding-bottom: 0px !important;padding-left: 0px !important;background-color: #f4f4f4 !important;}\u00bb][vc_row_inner css=\u00bb.vc_custom_1495105364136{padding-top: 30px !important;padding-right: 30px !important;padding-bottom: 40px !important;padding-left: 30px !important;}\u00bb][vc_column_inner width=\u00bb1\/2&#8243;][vc_single_image image=\u00bb1110&#8243; img_size=\u00bbfull\u00bb alignment=\u00bbcenter\u00bb onclick=\u00bbcustom_link\u00bb link=\u00bbhttps:\/\/www.constructorarr.com\/web\/servicios\/asesoria-interventoria-y-supervision-de-obra\/\u00bb][\/vc_column_inner][vc_column_inner width=\u00bb1\/2&#8243;][vc_column_text css=\u00bb.vc_custom_1533066787869{padding-bottom: 20px !important;}\u00bb] Dise\u00f1o Arquitect\u00f3nico. Dise\u00f1o y Calculo Estructural. Dise\u00f1o y Calculo Hidr\u00e1ulico y&hellip;<\/p>\n","protected":false},"author":1,"featured_media":0,"parent":0,"menu_order":2,"comment_status":"closed","ping_status":"closed","template":"","meta":[],"_links":{"self":[{"href":"https:\/\/www.constructorarr.com\/web\/wp-json\/wp\/v2\/pages\/27"}],"collection":[{"href":"https:\/\/www.constructorarr.com\/web\/wp-json\/wp\/v2\/pages"}],"about":[{"href":"https:\/\/www.constructorarr.com\/web\/wp-json\/wp\/v2\/types\/page"}],"author":[{"embeddable":true,"href":"https:\/\/www.constructorarr.com\/web\/wp-json\/wp\/v2\/users\/1"}],"replies":[{"embeddable":true,"href":"https:\/\/www.constructorarr.com\/web\/wp-json\/wp\/v2\/comments?post=27"}],"version-history":[{"count":14,"href":"https:\/\/www.constructorarr.com\/web\/wp-json\/wp\/v2\/pages\/27\/revisions"}],"predecessor-version":[{"id":1114,"href":"https:\/\/www.constructorarr.com\/web\/wp-json\/wp\/v2\/pages\/27\/revisions\/1114"}],"wp:attachment":[{"href":"https:\/\/www.constructorarr.com\/web\/wp-json\/wp\/v2\/media?parent=27"}],"curies":[{"name":"wp","href":"https:\/\/api.w.org\/{rel}","templated":true}]}}