{"id":305,"date":"2016-06-28T01:37:06","date_gmt":"2016-06-28T00:37:06","guid":{"rendered":"https:\/\/web.io\/construction\/?page_id=305"},"modified":"2018-08-02T12:24:12","modified_gmt":"2018-08-02T12:24:12","slug":"blog","status":"publish","type":"page","link":"https:\/\/www.constructorarr.com\/web\/blog\/","title":{"rendered":"Blog"},"content":{"rendered":"<p>[vc_row][vc_column]<div class=\"articles-list blog-shortcode mode-list blog-list-shortcode-id-e82eacc15022bdeb9e45b37046101c46 classic-layout-list dividers-on jquery-filter vertical-fancy-style loading-effect-fade-in\" data-cur-page=\"1\" data-post-limit=\"4\" data-pagination-mode=\"pages\"><article class=\"post project-odd visible post-4212 type-post status-publish format-standard has-post-thumbnail hentry category-sin-categoria category-1 description-off\" data-name=\"Vivir en Armenia y el Eje Cafetero: Una Inversi\u00f3n en Calidad de Vida\" data-date=\"2024-12-06T13:25:59+00:00\">\n\n<div class=\"post-thumbnail-wrap\">\n\t<div class=\"post-thumbnail\">\n\n\t\t\n\t\t\n\t\t<a href=\"https:\/\/www.constructorarr.com\/web\/vivir-en-armenia-y-el-eje-cafetero-una-inversion-en-calidad-de-vida\/\" class=\"post-thumbnail-rollover layzr-bg\" ><img class=\"blog-thumb-lazy-load preload-me\" src=\"data:image\/svg+xml,%3Csvg%20xmlns%3D&#39;http%3A%2F%2Fwww.w3.org%2F2000%2Fsvg&#39;%20viewBox%3D&#39;0%200%20718%20718&#39;%2F%3E\" data-src=\"https:\/\/www.constructorarr.com\/web\/wp-content\/uploads\/2024\/12\/peaceful-woman-enjoying-nature-718x718.jpg\" data-srcset=\"https:\/\/www.constructorarr.com\/web\/wp-content\/uploads\/2024\/12\/peaceful-woman-enjoying-nature-718x718.jpg 718w, https:\/\/www.constructorarr.com\/web\/wp-content\/uploads\/2024\/12\/peaceful-woman-enjoying-nature-1221x1221.jpg 1221w\" alt=\"\" title=\"peaceful-woman-enjoying-nature\" width=\"718\" height=\"718\"  \/><\/a>\n\t<\/div>\n<\/div>\n\n\n<div class=\"post-entry-content\">\n\n\t<h3 class=\"entry-title\">\n\t\t<a href=\"https:\/\/www.constructorarr.com\/web\/vivir-en-armenia-y-el-eje-cafetero-una-inversion-en-calidad-de-vida\/\" title=\"Vivir en Armenia y el Eje Cafetero: Una Inversi\u00f3n en Calidad de Vida\" rel=\"bookmark\">Vivir en Armenia y el Eje Cafetero: Una Inversi\u00f3n en Calidad de Vida<\/a>\n\t<\/h3>\n\n\t<div class=\"entry-meta\"><span class=\"category-link\"><a href=\"https:\/\/www.constructorarr.com\/web\/category\/sin-categoria\/\" >Sin categor\u00eda<\/a><\/span><a class=\"author vcard\" href=\"https:\/\/www.constructorarr.com\/web\/author\/adminconstructorarr-com\/\" title=\"Ver todas las publicaciones de admin@constructorarr.com\" rel=\"author\">Por <span class=\"fn\">admin@constructorarr.com<\/span><\/a><a href=\"https:\/\/www.constructorarr.com\/web\/vivir-en-armenia-y-el-eje-cafetero-una-inversion-en-calidad-de-vida\/#respond\" class=\"comment-link\" >Deja un comentario<\/a><\/div>\n\t<div class=\"entry-excerpt\">\n<p>El Eje Cafetero de Colombia, y en particular Armenia, Quind\u00edo, se ha convertido en un destino altamente atractivo tanto para vivir como para invertir. Con su combinaci\u00f3n de belleza natural, infraestructura en crecimiento y un estilo de vida relajado, esta regi\u00f3n ofrece un sinf\u00edn de oportunidades para quienes buscan algo m\u00e1s que un simple lugar donde residir.<\/p>\n\n\n\n<\/div>\n\t<a href=\"https:\/\/www.constructorarr.com\/web\/vivir-en-armenia-y-el-eje-cafetero-una-inversion-en-calidad-de-vida\/\" class=\"dt-btn-s dt-btn post-details details-type-btn\" rel=\"nofollow\">Leer m\u00e1s<i class=\"fa fa-caret-right\" aria-hidden=\"true\"><\/i><\/a>\n\t\n<\/div><\/article><article class=\"post project-odd visible post-4208 type-post status-publish format-standard has-post-thumbnail hentry category-sin-categoria category-1 description-off\" data-name=\"El Nogal de Las Am\u00e9ricas: Donde la Tranquilidad y el Confort se Encuentran\" data-date=\"2024-12-06T13:21:22+00:00\">\n\n<div class=\"post-thumbnail-wrap\">\n\t<div class=\"post-thumbnail\">\n\n\t\t\n\t\t\n\t\t<a href=\"https:\/\/www.constructorarr.com\/web\/el-nogal-de-las-americas-donde-la-tranquilidad-y-el-confort-se-encuentran\/\" class=\"post-thumbnail-rollover layzr-bg\" ><img class=\"blog-thumb-lazy-load preload-me\" src=\"data:image\/svg+xml,%3Csvg%20xmlns%3D&#39;http%3A%2F%2Fwww.w3.org%2F2000%2Fsvg&#39;%20viewBox%3D&#39;0%200%20718%20718&#39;%2F%3E\" data-src=\"https:\/\/www.constructorarr.com\/web\/wp-content\/uploads\/2024\/12\/young-adult-traveling-using-sustainable-mobility-718x718.jpg\" data-srcset=\"https:\/\/www.constructorarr.com\/web\/wp-content\/uploads\/2024\/12\/young-adult-traveling-using-sustainable-mobility-718x718.jpg 718w, https:\/\/www.constructorarr.com\/web\/wp-content\/uploads\/2024\/12\/young-adult-traveling-using-sustainable-mobility-1221x1221.jpg 1221w\" alt=\"\" title=\"young-adult-traveling-using-sustainable-mobility\" width=\"718\" height=\"718\"  \/><\/a>\n\t<\/div>\n<\/div>\n\n\n<div class=\"post-entry-content\">\n\n\t<h3 class=\"entry-title\">\n\t\t<a href=\"https:\/\/www.constructorarr.com\/web\/el-nogal-de-las-americas-donde-la-tranquilidad-y-el-confort-se-encuentran\/\" title=\"El Nogal de Las Am\u00e9ricas: Donde la Tranquilidad y el Confort se Encuentran\" rel=\"bookmark\">El Nogal de Las Am\u00e9ricas: Donde la Tranquilidad y el Confort se Encuentran<\/a>\n\t<\/h3>\n\n\t<div class=\"entry-meta\"><span class=\"category-link\"><a href=\"https:\/\/www.constructorarr.com\/web\/category\/sin-categoria\/\" >Sin categor\u00eda<\/a><\/span><a class=\"author vcard\" href=\"https:\/\/www.constructorarr.com\/web\/author\/adminconstructorarr-com\/\" title=\"Ver todas las publicaciones de admin@constructorarr.com\" rel=\"author\">Por <span class=\"fn\">admin@constructorarr.com<\/span><\/a><a href=\"https:\/\/www.constructorarr.com\/web\/el-nogal-de-las-americas-donde-la-tranquilidad-y-el-confort-se-encuentran\/#respond\" class=\"comment-link\" >Deja un comentario<\/a><\/div>\n\t<div class=\"entry-excerpt\">\n<p>Descubre&nbsp;<strong>El Nogal de Las Am\u00e9ricas<\/strong>, un exclusivo proyecto residencial ubicado en el coraz\u00f3n de Armenia, Quind\u00edo, dise\u00f1ado para quienes buscan calidad de vida, comodidad y un entorno natural excepcional.<\/p>\n\n\n\n<h4><strong>Por Qu\u00e9 Elegir El Nogal de Las Am\u00e9ricas<\/strong><\/h4>\n\n\n\n<\/div>\n\t<a href=\"https:\/\/www.constructorarr.com\/web\/el-nogal-de-las-americas-donde-la-tranquilidad-y-el-confort-se-encuentran\/\" class=\"dt-btn-s dt-btn post-details details-type-btn\" rel=\"nofollow\">Leer m\u00e1s<i class=\"fa fa-caret-right\" aria-hidden=\"true\"><\/i><\/a>\n\t\n<\/div><\/article><article class=\"post project-odd visible post-316 type-post status-publish format-standard has-post-thumbnail hentry category-aislamiento category-inversion tag-construccion category-2 category-4 description-off\" data-name=\"\u00bfPor qu\u00e9 aislar t\u00e9rmicamente nuestras viviendas?\" data-date=\"2016-06-28T18:05:01+00:00\">\n\n<div class=\"post-thumbnail-wrap\">\n\t<div class=\"post-thumbnail\">\n\n\t\t\n\t\t\n\t\t<a href=\"https:\/\/www.constructorarr.com\/web\/por-que-aislar-termicamente-nuestras-viviendas\/\" class=\"post-thumbnail-rollover layzr-bg\" ><img class=\"blog-thumb-lazy-load preload-me\" src=\"data:image\/svg+xml,%3Csvg%20xmlns%3D&#39;http%3A%2F%2Fwww.w3.org%2F2000%2Fsvg&#39;%20viewBox%3D&#39;0%200%20718%20718&#39;%2F%3E\" data-src=\"https:\/\/www.constructorarr.com\/web\/wp-content\/uploads\/2016\/06\/Porque-aislar-termicamente-nuestras-viviendas-718x718.jpg\" data-srcset=\"https:\/\/www.constructorarr.com\/web\/wp-content\/uploads\/2016\/06\/Porque-aislar-termicamente-nuestras-viviendas-718x718.jpg 718w, https:\/\/www.constructorarr.com\/web\/wp-content\/uploads\/2016\/06\/Porque-aislar-termicamente-nuestras-viviendas-851x851.jpg 851w\" alt=\"\" title=\"Porque aislar termicamente nuestras viviendas\" width=\"718\" height=\"718\"  \/><\/a>\n\t<\/div>\n<\/div>\n\n\n<div class=\"post-entry-content\">\n\n\t<h3 class=\"entry-title\">\n\t\t<a href=\"https:\/\/www.constructorarr.com\/web\/por-que-aislar-termicamente-nuestras-viviendas\/\" title=\"\u00bfPor qu\u00e9 aislar t\u00e9rmicamente nuestras viviendas?\" rel=\"bookmark\">\u00bfPor qu\u00e9 aislar t\u00e9rmicamente nuestras viviendas?<\/a>\n\t<\/h3>\n\n\t<div class=\"entry-meta\"><span class=\"category-link\"><a href=\"https:\/\/www.constructorarr.com\/web\/category\/aislamiento\/\" >Aislamiento<\/a>, <a href=\"https:\/\/www.constructorarr.com\/web\/category\/inversion\/\" >Inversi\u00f3n<\/a><\/span><a class=\"author vcard\" href=\"https:\/\/www.constructorarr.com\/web\/author\/the7\/\" title=\"Ver todas las publicaciones de the7\" rel=\"author\">Por <span class=\"fn\">the7<\/span><\/a><a href=\"https:\/\/www.constructorarr.com\/web\/por-que-aislar-termicamente-nuestras-viviendas\/#respond\" class=\"comment-link\" >Deja un comentario<\/a><\/div>\n\t<div class=\"entry-excerpt\"><div class=\"cuerpo\">\n<p style=\"text-align: justify;\">Ante la necesidad de establecer reglas y procedimientos que permitieran cumplir las\u00a0exigencias b\u00e1sicas de ahorro de energ\u00eda, adem\u00e1s de otros requerimientos de la\u00a0LOE,\u00a0Ley de Ordenaci\u00f3n de la Edificaci\u00f3n, en el 2006 se aprob\u00f3 el\u00a0<strong>CTE <\/strong>(C\u00f3digo T\u00e9cnico de la Edificaci\u00f3n), y con \u00e9l, el\u00a0<strong>DB HE1<\/strong>\u00a0(documento\u00a0b\u00e1sico, ahorro energ\u00e9tico).<\/p>\n<\/div>\n<\/div>\n\t<a href=\"https:\/\/www.constructorarr.com\/web\/por-que-aislar-termicamente-nuestras-viviendas\/\" class=\"dt-btn-s dt-btn post-details details-type-btn\" rel=\"nofollow\">Leer m\u00e1s<i class=\"fa fa-caret-right\" aria-hidden=\"true\"><\/i><\/a>\n\t\n<\/div><\/article><article class=\"post project-odd visible post-317 type-post status-publish format-standard has-post-thumbnail hentry category-construccion category-inversion tag-acondicionamiento-acustico tag-construccion tag-inversion tag-suelo category-3 category-4 description-off\" data-name=\"Suelo t\u00e9cnico de acero con elementos amortiguadores\" data-date=\"2016-06-28T18:04:56+00:00\">\n\n<div class=\"post-thumbnail-wrap\">\n\t<div class=\"post-thumbnail\">\n\n\t\t\n\t\t\n\t\t<a href=\"https:\/\/www.constructorarr.com\/web\/suelo-tecnico-de-acero-con-elementos-amortiguadores\/\" class=\"post-thumbnail-rollover layzr-bg\" ><img class=\"blog-thumb-lazy-load preload-me\" src=\"data:image\/svg+xml,%3Csvg%20xmlns%3D&#39;http%3A%2F%2Fwww.w3.org%2F2000%2Fsvg&#39;%20viewBox%3D&#39;0%200%20718%20718&#39;%2F%3E\" data-src=\"https:\/\/www.constructorarr.com\/web\/wp-content\/uploads\/2016\/06\/Suelo-t\u00e9cnico-de-acero-con-elementos-amortiguadores-718x718.jpg\" data-srcset=\"https:\/\/www.constructorarr.com\/web\/wp-content\/uploads\/2016\/06\/Suelo-t\u00e9cnico-de-acero-con-elementos-amortiguadores-718x718.jpg 718w, https:\/\/www.constructorarr.com\/web\/wp-content\/uploads\/2016\/06\/Suelo-t\u00e9cnico-de-acero-con-elementos-amortiguadores-961x961.jpg 961w\" alt=\"\" title=\"Suelo t\u00e9cnico de acero con elementos amortiguadores\" width=\"718\" height=\"718\"  \/><\/a>\n\t<\/div>\n<\/div>\n\n\n<div class=\"post-entry-content\">\n\n\t<h3 class=\"entry-title\">\n\t\t<a href=\"https:\/\/www.constructorarr.com\/web\/suelo-tecnico-de-acero-con-elementos-amortiguadores\/\" title=\"Suelo t\u00e9cnico de acero con elementos amortiguadores\" rel=\"bookmark\">Suelo t\u00e9cnico de acero con elementos amortiguadores<\/a>\n\t<\/h3>\n\n\t<div class=\"entry-meta\"><span class=\"category-link\"><a href=\"https:\/\/www.constructorarr.com\/web\/category\/construccion\/\" >Construcci\u00f3n<\/a>, <a href=\"https:\/\/www.constructorarr.com\/web\/category\/inversion\/\" >Inversi\u00f3n<\/a><\/span><a class=\"author vcard\" href=\"https:\/\/www.constructorarr.com\/web\/author\/the7\/\" title=\"Ver todas las publicaciones de the7\" rel=\"author\">Por <span class=\"fn\">the7<\/span><\/a><a href=\"https:\/\/www.constructorarr.com\/web\/suelo-tecnico-de-acero-con-elementos-amortiguadores\/#respond\" class=\"comment-link\" >Deja un comentario<\/a><\/div>\n\t<div class=\"entry-excerpt\"><p>[vc_row][vc_column][vc_column_text]<\/p>\n<p style=\"text-align: justify;\">Para reducir el ruido de impacto y el ruido a\u00e9reo eficazmente en esta vivienda de la parte vieja donostiarra se utiliz\u00f3 el sistema Granab, m\u00e9todo patentado de suelo t\u00e9cnico de acero que incorpora elementos amortiguadores.<\/p>\n<\/div>\n\t<a href=\"https:\/\/www.constructorarr.com\/web\/suelo-tecnico-de-acero-con-elementos-amortiguadores\/\" class=\"dt-btn-s dt-btn post-details details-type-btn\" rel=\"nofollow\">Leer m\u00e1s<i class=\"fa fa-caret-right\" aria-hidden=\"true\"><\/i><\/a>\n\t\n<\/div><\/article><article class=\"post project-odd hidden post-295 type-post status-publish format-standard has-post-thumbnail hentry category-construccion category-inversion tag-construccion tag-sostenibilidad category-3 category-4 description-off\" data-name=\"Casi un tercio de las emisiones que contaminan proceden de viviendas y edificios\" data-date=\"2016-06-28T01:24:54+00:00\">\n\n<div class=\"post-thumbnail-wrap\">\n\t<div class=\"post-thumbnail\">\n\n\t\t\n\t\t\n\t\t<a href=\"https:\/\/www.constructorarr.com\/web\/casi-un-tercio-de-las-emisiones-que-contaminan-proceden-de-viviendas-y-edificios\/\" class=\"post-thumbnail-rollover layzr-bg\" ><img class=\"blog-thumb-lazy-load preload-me\" src=\"data:image\/svg+xml,%3Csvg%20xmlns%3D&#39;http%3A%2F%2Fwww.w3.org%2F2000%2Fsvg&#39;%20viewBox%3D&#39;0%200%20718%20718&#39;%2F%3E\" data-src=\"https:\/\/www.constructorarr.com\/web\/wp-content\/uploads\/2016\/06\/Casi-un-tercio-de-las-emisiones-que-contaminan-proceden-de-viviendas-y-edificios-718x718.jpg\" data-srcset=\"https:\/\/www.constructorarr.com\/web\/wp-content\/uploads\/2016\/06\/Casi-un-tercio-de-las-emisiones-que-contaminan-proceden-de-viviendas-y-edificios-718x718.jpg 718w, https:\/\/www.constructorarr.com\/web\/wp-content\/uploads\/2016\/06\/Casi-un-tercio-de-las-emisiones-que-contaminan-proceden-de-viviendas-y-edificios-852x853.jpg 852w\" alt=\"\" title=\"Casi un tercio de las emisiones que contaminan proceden de viviendas y edificios\" width=\"718\" height=\"718\"  \/><\/a>\n\t<\/div>\n<\/div>\n\n\n<div class=\"post-entry-content\">\n\n\t<h3 class=\"entry-title\">\n\t\t<a href=\"https:\/\/www.constructorarr.com\/web\/casi-un-tercio-de-las-emisiones-que-contaminan-proceden-de-viviendas-y-edificios\/\" title=\"Casi un tercio de las emisiones que contaminan proceden de viviendas y edificios\" rel=\"bookmark\">Casi un tercio de las emisiones que contaminan proceden de viviendas y edificios<\/a>\n\t<\/h3>\n\n\t<div class=\"entry-meta\"><span class=\"category-link\"><a href=\"https:\/\/www.constructorarr.com\/web\/category\/construccion\/\" >Construcci\u00f3n<\/a>, <a href=\"https:\/\/www.constructorarr.com\/web\/category\/inversion\/\" >Inversi\u00f3n<\/a><\/span><a class=\"author vcard\" href=\"https:\/\/www.constructorarr.com\/web\/author\/the7\/\" title=\"Ver todas las publicaciones de the7\" rel=\"author\">Por <span class=\"fn\">the7<\/span><\/a><a href=\"https:\/\/www.constructorarr.com\/web\/casi-un-tercio-de-las-emisiones-que-contaminan-proceden-de-viviendas-y-edificios\/#respond\" class=\"comment-link\" >Deja un comentario<\/a><\/div>\n\t<div class=\"entry-excerpt\"><p>[vc_row][vc_column][vc_column_text]<\/p>\n<div class=\"cuerpo\">\n<p style=\"text-align: justify;\">Con m\u00e1s de 30 jornadas de restricciones al tr\u00e1fico se sald\u00f3 2017 en ciudades como Madrid y Valladolid, donde los episodios de alta contaminaci\u00f3n se multiplicaron debido a la escasez de lluvias durante el a\u00f1o.<\/p>\n<\/div>\n<\/div>\n\t<a href=\"https:\/\/www.constructorarr.com\/web\/casi-un-tercio-de-las-emisiones-que-contaminan-proceden-de-viviendas-y-edificios\/\" class=\"dt-btn-s dt-btn post-details details-type-btn\" rel=\"nofollow\">Leer m\u00e1s<i class=\"fa fa-caret-right\" aria-hidden=\"true\"><\/i><\/a>\n\t\n<\/div><\/article><article class=\"post project-odd hidden post-290 type-post status-publish format-standard has-post-thumbnail hentry category-construccion category-inversion tag-construccion tag-encofrados tag-inversion tag-sostenibilidad category-3 category-4 description-off\" data-name=\"Encofrado ligero para muros, pilares y losas\" data-date=\"2016-06-28T01:24:49+00:00\">\n\n<div class=\"post-thumbnail-wrap\">\n\t<div class=\"post-thumbnail\">\n\n\t\t\n\t\t\n\t\t<a href=\"https:\/\/www.constructorarr.com\/web\/encofrado-ligero-para-muros-pilares-y-losas\/\" class=\"post-thumbnail-rollover layzr-bg\" ><img class=\"blog-thumb-lazy-load preload-me\" src=\"data:image\/svg+xml,%3Csvg%20xmlns%3D&#39;http%3A%2F%2Fwww.w3.org%2F2000%2Fsvg&#39;%20viewBox%3D&#39;0%200%20718%20718&#39;%2F%3E\" data-src=\"https:\/\/www.constructorarr.com\/web\/wp-content\/uploads\/2016\/06\/Encofrado-ligero-para-muros-pilares-y-losas-718x718.jpg\" data-srcset=\"https:\/\/www.constructorarr.com\/web\/wp-content\/uploads\/2016\/06\/Encofrado-ligero-para-muros-pilares-y-losas-718x718.jpg 718w, https:\/\/www.constructorarr.com\/web\/wp-content\/uploads\/2016\/06\/Encofrado-ligero-para-muros-pilares-y-losas-852x853.jpg 852w\" alt=\"\" title=\"Encofrado ligero para muros, pilares y losas\" width=\"718\" height=\"718\"  \/><\/a>\n\t<\/div>\n<\/div>\n\n\n<div class=\"post-entry-content\">\n\n\t<h3 class=\"entry-title\">\n\t\t<a href=\"https:\/\/www.constructorarr.com\/web\/encofrado-ligero-para-muros-pilares-y-losas\/\" title=\"Encofrado ligero para muros, pilares y losas\" rel=\"bookmark\">Encofrado ligero para muros, pilares y losas<\/a>\n\t<\/h3>\n\n\t<div class=\"entry-meta\"><span class=\"category-link\"><a href=\"https:\/\/www.constructorarr.com\/web\/category\/construccion\/\" >Construcci\u00f3n<\/a>, <a href=\"https:\/\/www.constructorarr.com\/web\/category\/inversion\/\" >Inversi\u00f3n<\/a><\/span><a class=\"author vcard\" href=\"https:\/\/www.constructorarr.com\/web\/author\/the7\/\" title=\"Ver todas las publicaciones de the7\" rel=\"author\">Por <span class=\"fn\">the7<\/span><\/a><a href=\"https:\/\/www.constructorarr.com\/web\/encofrado-ligero-para-muros-pilares-y-losas\/#respond\" class=\"comment-link\" >Deja un comentario<\/a><\/div>\n\t<div class=\"entry-excerpt\"><p style=\"text-align: justify;\"><a href=\"https:\/\/duo.peri.com\/es\" target=\"_blank\" rel=\"noopener\">D\u00fao de Peri <\/a>es un sistema de encofrado que se caracteriza por ser muy ligero y de un manejo extremadamente sencillo. Lo innovador no es solo el material utilizado, sino el concepto completo, ya que con un n\u00famero m\u00ednimo de piezas est\u00e1ndar se pueden encofrar eficientemente muros, pilares y losas.<\/p>\n<\/div>\n\t<a href=\"https:\/\/www.constructorarr.com\/web\/encofrado-ligero-para-muros-pilares-y-losas\/\" class=\"dt-btn-s dt-btn post-details details-type-btn\" rel=\"nofollow\">Leer m\u00e1s<i class=\"fa fa-caret-right\" aria-hidden=\"true\"><\/i><\/a>\n\t\n<\/div><\/article><div class=\"paginator\" role=\"navigation\"><\/div><\/div>[\/vc_column][\/vc_row]<\/p>\n","protected":false},"excerpt":{"rendered":"<p>[vc_row][vc_column][\/vc_column][\/vc_row]<\/p>\n","protected":false},"author":1,"featured_media":0,"parent":0,"menu_order":3,"comment_status":"closed","ping_status":"closed","template":"","meta":[],"_links":{"self":[{"href":"https:\/\/www.constructorarr.com\/web\/wp-json\/wp\/v2\/pages\/305"}],"collection":[{"href":"https:\/\/www.constructorarr.com\/web\/wp-json\/wp\/v2\/pages"}],"about":[{"href":"https:\/\/www.constructorarr.com\/web\/wp-json\/wp\/v2\/types\/page"}],"author":[{"embeddable":true,"href":"https:\/\/www.constructorarr.com\/web\/wp-json\/wp\/v2\/users\/1"}],"replies":[{"embeddable":true,"href":"https:\/\/www.constructorarr.com\/web\/wp-json\/wp\/v2\/comments?post=305"}],"version-history":[{"count":3,"href":"https:\/\/www.constructorarr.com\/web\/wp-json\/wp\/v2\/pages\/305\/revisions"}],"predecessor-version":[{"id":1125,"href":"https:\/\/www.constructorarr.com\/web\/wp-json\/wp\/v2\/pages\/305\/revisions\/1125"}],"wp:attachment":[{"href":"https:\/\/www.constructorarr.com\/web\/wp-json\/wp\/v2\/media?parent=305"}],"curies":[{"name":"wp","href":"https:\/\/api.w.org\/{rel}","templated":true}]}}