{"id":67,"date":"2016-06-22T01:33:14","date_gmt":"2016-06-22T00:33:14","guid":{"rendered":"https:\/\/web.io\/construction\/?page_id=67"},"modified":"2018-08-02T11:37:32","modified_gmt":"2018-08-02T11:37:32","slug":"asesoria-interventoria-y-supervision-de-obra","status":"publish","type":"page","link":"https:\/\/www.constructorarr.com\/web\/servicios\/asesoria-interventoria-y-supervision-de-obra\/","title":{"rendered":"Asesoria, Interventoria y Supervisi\u00f3n de Obra"},"content":{"rendered":"<p>[vc_row type=\u00bbvc_default\u00bb css=\u00bb.vc_custom_1474268037787{margin-bottom: -30px !important;padding-bottom: 30px !important;}\u00bb][vc_column offset=\u00bbvc_col-lg-12 vc_col-md-12 vc_col-xs-12&#8243;]<div class=\"shortcode-single-image-wrap alignnone  vc_custom_1533209847608\" ><div class=\"shortcode-single-image\"><div class=\"fancy-media-wrap layzr-bg\" style=\"\"><img class=\"lazy-load preload-me\" src=\"data:image\/svg+xml,%3Csvg%20xmlns%3D&#39;http%3A%2F%2Fwww.w3.org%2F2000%2Fsvg&#39;%20viewBox%3D&#39;0%200%20640%20426&#39;%2F%3E\" data-src=\"https:\/\/www.constructorarr.com\/web\/wp-content\/uploads\/2018\/08\/Asesoria-Interventoria-y-Supervisi\u00f3n-de-Obra.jpg\" data-srcset=\"https:\/\/www.constructorarr.com\/web\/wp-content\/uploads\/2018\/08\/Asesoria-Interventoria-y-Supervisi\u00f3n-de-Obra.jpg 640w\" width=\"640\" height=\"426\"  data-dt-location=\"https:\/\/www.constructorarr.com\/web\/servicios\/construccion\/asesoria-interventoria-y-supervision-de-obra-2\/\" style=\"\" alt=\"\" \/><\/div><\/div><\/div><div id=\"ultimate-heading-58346a079b95df89c\" class=\"uvc-heading ult-adjust-bottom-margin ultimate-heading-58346a079b95df89c uvc-3030 accent-border-color\" data-hspacer=\"line_only\"  data-halign=\"left\" style=\"text-align:left\"><div class=\"uvc-main-heading ult-responsive\"  data-ultimate-target='.uvc-heading.ultimate-heading-58346a079b95df89c h2'  data-responsive-json-new='{\"font-size\":\"desktop:26px;\",\"line-height\":\"desktop:36px;\"}' ><h2 style=\"font-weight:bold;\">Asesoria, Interventoria y Supervisi\u00f3n de Obra<\/h2><\/div><div class=\"uvc-heading-spacer line_only\" style=\"margin-top:15px;margin-bottom:30px;height:4px;\"><span class=\"uvc-headings-line\" style=\"border-style:solid;border-bottom-width:4px;border-color:;width:50px;\"><\/span><\/div><\/div>[vc_column_text css=\u00bb.vc_custom_1533065666751{padding-bottom: 60px !important;}\u00bb]<\/p>\n<ul>\n<li style=\"text-align: justify;\">Interventoria al Dise\u00f1o.<\/li>\n<li style=\"text-align: justify;\">Dise\u00f1o Arquitect\u00f3nico.<\/li>\n<li style=\"text-align: justify;\">Dise\u00f1o y Calculo Estructural.<\/li>\n<li style=\"text-align: justify;\">Dise\u00f1o y Calculo Hidraulico y Sanitario.<\/li>\n<li style=\"text-align: justify;\">Dise\u00f1o y Calculo El\u00e9ctrico, Vos y Datos.<\/li>\n<li style=\"text-align: justify;\">Interventoria y Supervisi\u00f3n de Todo Tipo de Obra Civil.<\/li>\n<li style=\"text-align: justify;\">Asesor\u00eda en la elaboraci\u00f3n de T\u00e9rminos de Referencia y Pliegos de Condiciones para la Contrataci\u00f3n de Obra P\u00fablica y Privada.<\/li>\n<li style=\"text-align: justify;\">Asesor\u00eda en la Elaboraci\u00f3n de Proyectos P\u00fablicos y Privados (Consultor\u00eda en Dise\u00f1o y Obra Civil).<\/li>\n<li style=\"text-align: justify;\">Aval\u00faos Comerciales Sector P\u00fablico y Privado.<\/li>\n<li style=\"text-align: justify;\">Evaluaci\u00f3n T\u00e9cnica Para la Viabilidad en la Construcci\u00f3n de Proyectos Industriales, Comerciales, Institucionales y Habitacionales.<\/li>\n<li style=\"text-align: justify;\">Planeaci\u00f3n Rural y Urbana.<\/li>\n<\/ul>\n<p>[\/vc_column_text][\/vc_column][\/vc_row]<\/p>\n","protected":false},"excerpt":{"rendered":"<p>[vc_row type=\u00bbvc_default\u00bb css=\u00bb.vc_custom_1474268037787{margin-bottom: -30px !important;padding-bottom: 30px !important;}\u00bb][vc_column offset=\u00bbvc_col-lg-12 vc_col-md-12 vc_col-xs-12&#8243;][vc_column_text css=\u00bb.vc_custom_1533065666751{padding-bottom: 60px !important;}\u00bb] Interventoria al Dise\u00f1o. Dise\u00f1o Arquitect\u00f3nico. Dise\u00f1o y Calculo Estructural. Dise\u00f1o y Calculo Hidraulico y Sanitario. Dise\u00f1o y Calculo El\u00e9ctrico, Vos y Datos. Interventoria y Supervisi\u00f3n de Todo Tipo de Obra Civil. Asesor\u00eda en la elaboraci\u00f3n de T\u00e9rminos de Referencia y Pliegos de&hellip;<\/p>\n","protected":false},"author":1,"featured_media":0,"parent":27,"menu_order":0,"comment_status":"closed","ping_status":"closed","template":"","meta":[],"_links":{"self":[{"href":"https:\/\/www.constructorarr.com\/web\/wp-json\/wp\/v2\/pages\/67"}],"collection":[{"href":"https:\/\/www.constructorarr.com\/web\/wp-json\/wp\/v2\/pages"}],"about":[{"href":"https:\/\/www.constructorarr.com\/web\/wp-json\/wp\/v2\/types\/page"}],"author":[{"embeddable":true,"href":"https:\/\/www.constructorarr.com\/web\/wp-json\/wp\/v2\/users\/1"}],"replies":[{"embeddable":true,"href":"https:\/\/www.constructorarr.com\/web\/wp-json\/wp\/v2\/comments?post=67"}],"version-history":[{"count":4,"href":"https:\/\/www.constructorarr.com\/web\/wp-json\/wp\/v2\/pages\/67\/revisions"}],"predecessor-version":[{"id":1113,"href":"https:\/\/www.constructorarr.com\/web\/wp-json\/wp\/v2\/pages\/67\/revisions\/1113"}],"up":[{"embeddable":true,"href":"https:\/\/www.constructorarr.com\/web\/wp-json\/wp\/v2\/pages\/27"}],"wp:attachment":[{"href":"https:\/\/www.constructorarr.com\/web\/wp-json\/wp\/v2\/media?parent=67"}],"curies":[{"name":"wp","href":"https:\/\/api.w.org\/{rel}","templated":true}]}}