{"id":978,"date":"2018-07-31T19:31:05","date_gmt":"2018-07-31T19:31:05","guid":{"rendered":"https:\/\/www.constructorarr.com\/web\/?page_id=978"},"modified":"2018-08-02T11:36:22","modified_gmt":"2018-08-02T11:36:22","slug":"construccion","status":"publish","type":"page","link":"https:\/\/www.constructorarr.com\/web\/servicios\/construccion\/","title":{"rendered":"Construcci\u00f3n"},"content":{"rendered":"<p>[vc_row type=\u00bbvc_default\u00bb css=\u00bb.vc_custom_1474268037787{margin-bottom: -30px !important;padding-bottom: 30px !important;}\u00bb][vc_column offset=\u00bbvc_col-lg-12 vc_col-md-12 vc_col-xs-12&#8243;]<div class=\"shortcode-single-image-wrap alignnone  vc_custom_1533209778546\" ><div class=\"shortcode-single-image\"><div class=\"fancy-media-wrap layzr-bg\" style=\"\"><img class=\"lazy-load preload-me\" src=\"data:image\/svg+xml,%3Csvg%20xmlns%3D&#39;http%3A%2F%2Fwww.w3.org%2F2000%2Fsvg&#39;%20viewBox%3D&#39;0%200%20640%20370&#39;%2F%3E\" data-src=\"https:\/\/www.constructorarr.com\/web\/wp-content\/uploads\/2018\/08\/Construccion.jpg\" data-srcset=\"https:\/\/www.constructorarr.com\/web\/wp-content\/uploads\/2018\/08\/Construccion.jpg 640w\" width=\"640\" height=\"370\"  data-dt-location=\"https:\/\/www.constructorarr.com\/web\/servicios\/construccion\/construccion-2\/\" style=\"\" alt=\"\" \/><\/div><\/div><\/div><div id=\"ultimate-heading-49446a079bb396b44\" class=\"uvc-heading ult-adjust-bottom-margin ultimate-heading-49446a079bb396b44 uvc-263 accent-border-color\" data-hspacer=\"line_only\"  data-halign=\"center\" style=\"text-align:center\"><div class=\"uvc-main-heading ult-responsive\"  data-ultimate-target='.uvc-heading.ultimate-heading-49446a079bb396b44 h2'  data-responsive-json-new='{\"font-size\":\"desktop:26px;\",\"line-height\":\"desktop:36px;\"}' ><h2 style=\"font-weight:bold;\">Construcci\u00f3n<\/h2><\/div><div class=\"uvc-heading-spacer line_only\" style=\"margin-top:15px;margin-bottom:30px;height:4px;\"><span class=\"uvc-headings-line\" style=\"border-style:solid;border-bottom-width:4px;border-color:;width:50px;\"><\/span><\/div><\/div>[vc_column_text css=\u00bb.vc_custom_1533065948491{padding-bottom: 60px !important;}\u00bb]<\/p>\n<ul>\n<li style=\"text-align: justify;\">Obra Civil Construcciones en Estructura Met\u00e1licas y Estructuras en Concreto.<\/li>\n<li style=\"text-align: justify;\">Obra Hidraulica, Sanitaria y Electrica.<\/li>\n<li style=\"text-align: justify;\">Acabados Arquitect\u00f3nicos.<\/li>\n<li style=\"text-align: justify;\">Movimientos de Tierra.<\/li>\n<\/ul>\n<p style=\"text-align: justify;\">Nuestra organizaci\u00f3n cuenta con el Conocimiento y la Experiencia para abordar adecuadamente cada una de las necesidades de sus proyectos&#8230; Nuestros rigurosos procesos en cada una de las disciplinas de servicio son garant\u00eda de exito en los propositos encargados.<\/p>\n<p>[\/vc_column_text][\/vc_column][\/vc_row]<\/p>\n","protected":false},"excerpt":{"rendered":"<p>[vc_row type=\u00bbvc_default\u00bb css=\u00bb.vc_custom_1474268037787{margin-bottom: -30px !important;padding-bottom: 30px !important;}\u00bb][vc_column offset=\u00bbvc_col-lg-12 vc_col-md-12 vc_col-xs-12&#8243;][vc_column_text css=\u00bb.vc_custom_1533065948491{padding-bottom: 60px !important;}\u00bb] Obra Civil Construcciones en Estructura Met\u00e1licas y Estructuras en Concreto. Obra Hidraulica, Sanitaria y Electrica. Acabados Arquitect\u00f3nicos. Movimientos de Tierra. Nuestra organizaci\u00f3n cuenta con el Conocimiento y la Experiencia para abordar adecuadamente cada una de las necesidades de sus proyectos&#8230; Nuestros rigurosos&hellip;<\/p>\n","protected":false},"author":1,"featured_media":0,"parent":27,"menu_order":0,"comment_status":"closed","ping_status":"closed","template":"","meta":[],"_links":{"self":[{"href":"https:\/\/www.constructorarr.com\/web\/wp-json\/wp\/v2\/pages\/978"}],"collection":[{"href":"https:\/\/www.constructorarr.com\/web\/wp-json\/wp\/v2\/pages"}],"about":[{"href":"https:\/\/www.constructorarr.com\/web\/wp-json\/wp\/v2\/types\/page"}],"author":[{"embeddable":true,"href":"https:\/\/www.constructorarr.com\/web\/wp-json\/wp\/v2\/users\/1"}],"replies":[{"embeddable":true,"href":"https:\/\/www.constructorarr.com\/web\/wp-json\/wp\/v2\/comments?post=978"}],"version-history":[{"count":4,"href":"https:\/\/www.constructorarr.com\/web\/wp-json\/wp\/v2\/pages\/978\/revisions"}],"predecessor-version":[{"id":1111,"href":"https:\/\/www.constructorarr.com\/web\/wp-json\/wp\/v2\/pages\/978\/revisions\/1111"}],"up":[{"embeddable":true,"href":"https:\/\/www.constructorarr.com\/web\/wp-json\/wp\/v2\/pages\/27"}],"wp:attachment":[{"href":"https:\/\/www.constructorarr.com\/web\/wp-json\/wp\/v2\/media?parent=978"}],"curies":[{"name":"wp","href":"https:\/\/api.w.org\/{rel}","templated":true}]}}