{"id":979,"date":"2018-07-31T19:31:31","date_gmt":"2018-07-31T19:31:31","guid":{"rendered":"https:\/\/www.constructorarr.com\/web\/?page_id=979"},"modified":"2018-08-02T11:36:59","modified_gmt":"2018-08-02T11:36:59","slug":"consultoria-en-estudios-y-disenos","status":"publish","type":"page","link":"https:\/\/www.constructorarr.com\/web\/servicios\/consultoria-en-estudios-y-disenos\/","title":{"rendered":"Consultoria en Estudios y Dise\u00f1os"},"content":{"rendered":"<p>[vc_row type=\u00bbvc_default\u00bb css=\u00bb.vc_custom_1474268037787{margin-bottom: -30px !important;padding-bottom: 30px !important;}\u00bb][vc_column offset=\u00bbvc_col-lg-12 vc_col-md-12 vc_col-xs-12&#8243;]<div class=\"shortcode-single-image-wrap alignnone  vc_custom_1533209814650\" ><div class=\"shortcode-single-image\"><div class=\"fancy-media-wrap layzr-bg\" style=\"\"><img class=\"lazy-load preload-me\" src=\"data:image\/svg+xml,%3Csvg%20xmlns%3D&#39;http%3A%2F%2Fwww.w3.org%2F2000%2Fsvg&#39;%20viewBox%3D&#39;0%200%20640%20360&#39;%2F%3E\" data-src=\"https:\/\/www.constructorarr.com\/web\/wp-content\/uploads\/2018\/08\/Consultoria-en-Estudios-y-Dise\u00f1os.jpg\" data-srcset=\"https:\/\/www.constructorarr.com\/web\/wp-content\/uploads\/2018\/08\/Consultoria-en-Estudios-y-Dise\u00f1os.jpg 640w\" width=\"640\" height=\"360\"  data-dt-location=\"https:\/\/www.constructorarr.com\/web\/servicios\/construccion\/consultoria-en-estudios-y-disenos-2\/\" style=\"\" alt=\"\" \/><\/div><\/div><\/div><div id=\"ultimate-heading-971569f48bab57e96\" class=\"uvc-heading ult-adjust-bottom-margin ultimate-heading-971569f48bab57e96 uvc-34 accent-border-color\" data-hspacer=\"line_only\"  data-halign=\"left\" style=\"text-align:left\"><div class=\"uvc-main-heading ult-responsive\"  data-ultimate-target='.uvc-heading.ultimate-heading-971569f48bab57e96 h2'  data-responsive-json-new='{\"font-size\":\"desktop:26px;\",\"line-height\":\"desktop:36px;\"}' ><h2 style=\"font-weight:bold;\">Consultoria en Estudios y Dise\u00f1os<\/h2><\/div><div class=\"uvc-heading-spacer line_only\" style=\"margin-top:15px;margin-bottom:30px;height:4px;\"><span class=\"uvc-headings-line\" style=\"border-style:solid;border-bottom-width:4px;border-color:;width:50px;\"><\/span><\/div><\/div>[vc_column_text css=\u00bb.vc_custom_1533066303889{padding-bottom: 60px !important;}\u00bb]<\/p>\n<ul>\n<li>Dise\u00f1o Arquitect\u00f3nico Bioclim\u00e1tico Sostenible.<\/li>\n<li>Ingeniera Hidr\u00e1ulica y Sanitaria.<\/li>\n<li>Ingeniera Electrica Voz y Datos.<\/li>\n<li>Dise\u00f1o y Calculo Estructural (Estructuras en Concreto &#8211; Estructuras en Acero).<\/li>\n<li>Servicios de Topografia.<\/li>\n<li>Ingenier\u00ed Hospitalaria.\n<ul>\n<li>Estudios de Evalucaci\u00f3n y Vulnerabilidad S\u00edsmica y Grativacional.<\/li>\n<li>Dise\u00f1o y Construcci\u00f3n de Redes de Gases Medicinales.<\/li>\n<li>Dise\u00f1o Arquitect\u00f3nico Bajo Norma Hospitalaria (PMA).<\/li>\n<\/ul>\n<\/li>\n<\/ul>\n<p>[\/vc_column_text][\/vc_column][\/vc_row]<\/p>\n","protected":false},"excerpt":{"rendered":"<p>[vc_row type=\u00bbvc_default\u00bb css=\u00bb.vc_custom_1474268037787{margin-bottom: -30px !important;padding-bottom: 30px !important;}\u00bb][vc_column offset=\u00bbvc_col-lg-12 vc_col-md-12 vc_col-xs-12&#8243;][vc_column_text css=\u00bb.vc_custom_1533066303889{padding-bottom: 60px !important;}\u00bb] Dise\u00f1o Arquitect\u00f3nico Bioclim\u00e1tico Sostenible. Ingeniera Hidr\u00e1ulica y Sanitaria. Ingeniera Electrica Voz y Datos. Dise\u00f1o y Calculo Estructural (Estructuras en Concreto &#8211; Estructuras en Acero). Servicios de Topografia. Ingenier\u00ed Hospitalaria. Estudios de Evalucaci\u00f3n y Vulnerabilidad S\u00edsmica y Grativacional. Dise\u00f1o y Construcci\u00f3n de Redes&hellip;<\/p>\n","protected":false},"author":1,"featured_media":0,"parent":27,"menu_order":0,"comment_status":"closed","ping_status":"closed","template":"","meta":[],"_links":{"self":[{"href":"https:\/\/www.constructorarr.com\/web\/wp-json\/wp\/v2\/pages\/979"}],"collection":[{"href":"https:\/\/www.constructorarr.com\/web\/wp-json\/wp\/v2\/pages"}],"about":[{"href":"https:\/\/www.constructorarr.com\/web\/wp-json\/wp\/v2\/types\/page"}],"author":[{"embeddable":true,"href":"https:\/\/www.constructorarr.com\/web\/wp-json\/wp\/v2\/users\/1"}],"replies":[{"embeddable":true,"href":"https:\/\/www.constructorarr.com\/web\/wp-json\/wp\/v2\/comments?post=979"}],"version-history":[{"count":5,"href":"https:\/\/www.constructorarr.com\/web\/wp-json\/wp\/v2\/pages\/979\/revisions"}],"predecessor-version":[{"id":1112,"href":"https:\/\/www.constructorarr.com\/web\/wp-json\/wp\/v2\/pages\/979\/revisions\/1112"}],"up":[{"embeddable":true,"href":"https:\/\/www.constructorarr.com\/web\/wp-json\/wp\/v2\/pages\/27"}],"wp:attachment":[{"href":"https:\/\/www.constructorarr.com\/web\/wp-json\/wp\/v2\/media?parent=979"}],"curies":[{"name":"wp","href":"https:\/\/api.w.org\/{rel}","templated":true}]}}